{"id":20923,"date":"2025-06-24T21:13:12","date_gmt":"2025-06-24T19:13:12","guid":{"rendered":"https:\/\/www.wavesofoneness.com\/?page_id=20923"},"modified":"2026-03-09T22:26:56","modified_gmt":"2026-03-09T21:26:56","slug":"gefluster-aus-dem-netz-des-lebens","status":"publish","type":"page","link":"https:\/\/www.wavesofoneness.com\/de\/events-retreats-workshops\/whispers-of-the-web-of-life\/","title":{"rendered":"Das Fl\u00fcstern des Netzes des Lebens - Eine Reise in das feinstoffliche Reich"},"content":{"rendered":"<div data-elementor-type=\"wp-page\" data-elementor-id=\"20923\" class=\"elementor elementor-20923\" data-elementor-post-type=\"page\">\n\t\t\t\t\t\t<section class=\"elementor-section elementor-top-section elementor-element elementor-element-3678007 elementor-section-full_width elementor-section-height-default elementor-section-height-default\" data-id=\"3678007\" data-element_type=\"section\" data-e-type=\"section\" data-settings=\"{&quot;background_background&quot;:&quot;classic&quot;}\">\n\t\t\t\t\t\t\t<div class=\"elementor-background-overlay\"><\/div>\n\t\t\t\t\t\t\t<div class=\"elementor-container elementor-column-gap-default\">\n\t\t\t\t\t<div class=\"elementor-column elementor-col-100 elementor-top-column elementor-element elementor-element-2e4f8d7\" data-id=\"2e4f8d7\" data-element_type=\"column\" data-e-type=\"column\">\n\t\t\t<div class=\"elementor-widget-wrap elementor-element-populated\">\n\t\t\t\t\t\t<section class=\"elementor-section elementor-inner-section elementor-element elementor-element-31ab8e8 elementor-section-full_width elementor-section-height-default elementor-section-height-default\" data-id=\"31ab8e8\" data-element_type=\"section\" data-e-type=\"section\">\n\t\t\t\t\t\t<div class=\"elementor-container elementor-column-gap-default\">\n\t\t\t\t\t<div class=\"elementor-column elementor-col-50 elementor-inner-column elementor-element elementor-element-6a65e12\" data-id=\"6a65e12\" data-element_type=\"column\" data-e-type=\"column\">\n\t\t\t<div class=\"elementor-widget-wrap elementor-element-populated\">\n\t\t\t\t\t\t<div class=\"elementor-element elementor-element-892fb3a elementor-widget elementor-widget-heading\" data-id=\"892fb3a\" data-element_type=\"widget\" data-e-type=\"widget\" data-widget_type=\"heading.default\">\n\t\t\t\t<div class=\"elementor-widget-container\">\n\t\t\t\t\t<h2 class=\"elementor-heading-title elementor-size-default\"><a href=\"https:\/\/www.wavesofoneness.com\/de\/\">Waves of Oneness<\/a><\/h2>\t\t\t\t<\/div>\n\t\t\t\t<\/div>\n\t\t\t\t\t<\/div>\n\t\t<\/div>\n\t\t\t\t<div class=\"elementor-column elementor-col-50 elementor-inner-column elementor-element elementor-element-3ef01fb\" data-id=\"3ef01fb\" data-element_type=\"column\" data-e-type=\"column\">\n\t\t\t<div class=\"elementor-widget-wrap elementor-element-populated\">\n\t\t\t\t\t\t<div class=\"elementor-element elementor-element-c8b506f elementor-widget elementor-widget-image\" data-id=\"c8b506f\" data-element_type=\"widget\" data-e-type=\"widget\" data-widget_type=\"image.default\">\n\t\t\t\t<div class=\"elementor-widget-container\">\n\t\t\t\t\t\t\t\t\t\t\t\t\t\t\t\t<a href=\"#elementor-action%3Aaction%3Dpopup%3Aopen%26settings%3DeyJpZCI6IjgwIiwidG9nZ2xlIjpmYWxzZX0%3D\">\n\t\t\t\t\t\t\t<img decoding=\"async\" width=\"48\" height=\"29\" src=\"https:\/\/www.wavesofoneness.com\/wp-content\/uploads\/2021\/09\/hamburger-menu-white.png\" class=\"attachment-large size-large wp-image-47\" alt=\"\" \/>\t\t\t\t\t\t\t\t<\/a>\n\t\t\t\t\t\t\t\t\t\t\t\t\t\t\t<\/div>\n\t\t\t\t<\/div>\n\t\t\t\t\t<\/div>\n\t\t<\/div>\n\t\t\t\t\t<\/div>\n\t\t<\/section>\n\t\t\t\t<div class=\"elementor-element elementor-element-c81f5a7 elementor-widget elementor-widget-spacer\" data-id=\"c81f5a7\" data-element_type=\"widget\" data-e-type=\"widget\" data-widget_type=\"spacer.default\">\n\t\t\t\t<div class=\"elementor-widget-container\">\n\t\t\t\t\t\t\t<div class=\"elementor-spacer\">\n\t\t\t<div class=\"elementor-spacer-inner\"><\/div>\n\t\t<\/div>\n\t\t\t\t\t\t<\/div>\n\t\t\t\t<\/div>\n\t\t\t\t<div class=\"elementor-element elementor-element-e815c7d elementor-widget elementor-widget-heading\" data-id=\"e815c7d\" data-element_type=\"widget\" data-e-type=\"widget\" data-widget_type=\"heading.default\">\n\t\t\t\t<div class=\"elementor-widget-container\">\n\t\t\t\t\t<h2 class=\"elementor-heading-title elementor-size-default\">Das Fl\u00fcstern des Lebens-Netzes - \n<\/h2>\t\t\t\t<\/div>\n\t\t\t\t<\/div>\n\t\t\t\t<div class=\"elementor-element elementor-element-8a025c4 elementor-widget elementor-widget-heading\" data-id=\"8a025c4\" data-element_type=\"widget\" data-e-type=\"widget\" data-widget_type=\"heading.default\">\n\t\t\t\t<div class=\"elementor-widget-container\">\n\t\t\t\t\t<h2 class=\"elementor-heading-title elementor-size-default\">Eine Reise in den K\u00f6rper und die subtilen Reiche<\/h2>\t\t\t\t<\/div>\n\t\t\t\t<\/div>\n\t\t\t\t<div class=\"elementor-element elementor-element-dda4bef elementor-widget elementor-widget-heading\" data-id=\"dda4bef\" data-element_type=\"widget\" data-e-type=\"widget\" data-widget_type=\"heading.default\">\n\t\t\t\t<div class=\"elementor-widget-container\">\n\t\t\t\t\t<h2 class=\"elementor-heading-title elementor-size-default\">Online Workshop - Englisch<\/h2>\t\t\t\t<\/div>\n\t\t\t\t<\/div>\n\t\t\t\t<div class=\"elementor-element elementor-element-8acd825 elementor-widget elementor-widget-spacer\" data-id=\"8acd825\" data-element_type=\"widget\" data-e-type=\"widget\" data-widget_type=\"spacer.default\">\n\t\t\t\t<div class=\"elementor-widget-container\">\n\t\t\t\t\t\t\t<div class=\"elementor-spacer\">\n\t\t\t<div class=\"elementor-spacer-inner\"><\/div>\n\t\t<\/div>\n\t\t\t\t\t\t<\/div>\n\t\t\t\t<\/div>\n\t\t\t\t\t<\/div>\n\t\t<\/div>\n\t\t\t\t\t<\/div>\n\t\t<\/section>\n\t\t\t\t<section class=\"elementor-section elementor-top-section elementor-element elementor-element-6bda665 elementor-section-boxed elementor-section-height-default elementor-section-height-default\" data-id=\"6bda665\" data-element_type=\"section\" data-e-type=\"section\" data-settings=\"{&quot;background_background&quot;:&quot;classic&quot;}\">\n\t\t\t\t\t\t<div class=\"elementor-container elementor-column-gap-default\">\n\t\t\t\t\t<div class=\"elementor-column elementor-col-100 elementor-top-column elementor-element elementor-element-12392d0\" data-id=\"12392d0\" data-element_type=\"column\" data-e-type=\"column\">\n\t\t\t<div class=\"elementor-widget-wrap elementor-element-populated\">\n\t\t\t\t\t\t<section class=\"elementor-section elementor-inner-section elementor-element elementor-element-ca87c16 read_more_content elementor-section-boxed elementor-section-height-default elementor-section-height-default\" data-id=\"ca87c16\" data-element_type=\"section\" data-e-type=\"section\">\n\t\t\t\t\t\t<div class=\"elementor-container elementor-column-gap-default\">\n\t\t\t\t\t<div class=\"elementor-column elementor-col-100 elementor-inner-column elementor-element elementor-element-c4b6223\" data-id=\"c4b6223\" data-element_type=\"column\" data-e-type=\"column\">\n\t\t\t<div class=\"elementor-widget-wrap elementor-element-populated\">\n\t\t\t\t\t\t<div class=\"elementor-element elementor-element-8b34a90 elementor-widget elementor-widget-spacer\" data-id=\"8b34a90\" data-element_type=\"widget\" data-e-type=\"widget\" data-widget_type=\"spacer.default\">\n\t\t\t\t<div class=\"elementor-widget-container\">\n\t\t\t\t\t\t\t<div class=\"elementor-spacer\">\n\t\t\t<div class=\"elementor-spacer-inner\"><\/div>\n\t\t<\/div>\n\t\t\t\t\t\t<\/div>\n\t\t\t\t<\/div>\n\t\t\t\t<div class=\"elementor-element elementor-element-bc4c7a2 elementor-widget elementor-widget-text-editor\" data-id=\"bc4c7a2\" data-element_type=\"widget\" data-e-type=\"widget\" data-widget_type=\"text-editor.default\">\n\t\t\t\t<div class=\"elementor-widget-container\">\n\t\t\t\t\t\t\t\t\t<p data-start=\"233\" data-end=\"557\"><strong data-start=\"233\" data-end=\"395\">Dieser Einf\u00fchrungsworkshop l\u00e4dt dich ein, die subtile Sprache der Energie zu erforschen und deine intuitive Verbindung mit allen Formen des Lebens - sichtbaren und unsichtbaren - zu vertiefen.<br \/><\/strong><br data-start=\"395\" data-end=\"398\" \/>Du wirst Werkzeuge erlernen, die dir helfen, ganz im K\u00f6rper anzukommen und die Weisheit deines K\u00f6rpers klarer zu verstehen \u2013 da dies die Grundlage f\u00fcr alles Weitere ist.<\/p><p data-start=\"559\" data-end=\"757\">Wir werden kraftvolle Methoden erforschen, mit denen du energetische Muster wahrnehmen, intuitive F\u00fchrung empfangen und in Verbindung mit dem gr\u00f6\u00dferen Netz des Lebens treten kannst \u2013 zu Tieren, Pflanzen, Orten, Ahnen und zu deiner geistigen F\u00fchrung.<\/p><p data-start=\"759\" data-end=\"896\">Lerne, mit deinem ganzen Wesen zuzuh\u00f6ren und dich wieder auf eine nat\u00fcrliche, herzzentrierte Weise mit der Welt in und um dich herum zu verbinden.<\/p><p data-start=\"759\" data-end=\"896\"><em>Der Kurs wird auf Englisch und auf Anfrage auch auf Deutsch angeboten.<\/em><\/p>\t\t\t\t\t\t\t\t<\/div>\n\t\t\t\t<\/div>\n\t\t\t\t<div class=\"elementor-element elementor-element-4b99b2d elementor-widget__width-inherit elementor-widget elementor-widget-premium-addon-image-button\" data-id=\"4b99b2d\" data-element_type=\"widget\" data-e-type=\"widget\" data-widget_type=\"premium-addon-image-button.default\">\n\t\t\t\t<div class=\"elementor-widget-container\">\n\t\t\t\t\t\n\t\t<a class=\"premium-image-button-none premium-image-button premium-btn-lg premium-image-button-none\" href=\"https:\/\/WavesofOneness.as.me\/workshops\" target=\"_blank\">\n\t\t\t<div class=\"premium-image-button-text-icon-wrapper\">\n\n\t\t\t\t\n\t\t\t\t\t\t\t\t\t<span >\n\t\t\t\t\t\tRegistriere dich jetzt\t\t\t\t\t<\/span>\n\t\t\t\t\n\t\t\t<\/div>\n\n\t\t\t\n\t\t\t\n\t\t\t\n\t\t<\/a>\n\n\t\t\t\t\t\t<\/div>\n\t\t\t\t<\/div>\n\t\t\t\t<div class=\"elementor-element elementor-element-fcce5c6 elementor-widget elementor-widget-text-editor\" data-id=\"fcce5c6\" data-element_type=\"widget\" data-e-type=\"widget\" data-widget_type=\"text-editor.default\">\n\t\t\t\t<div class=\"elementor-widget-container\">\n\t\t\t\t\t\t\t\t\t<p><strong>Preis\u00a0<br \/><\/strong>Umsonst.<br \/><strong>Eine Aufzeichnung des Workshops wird dir per E-Mail zugeschickt.<\/strong><\/p><div><p><em>Dies ist ein kostenloser Einf\u00fchrungsworkshop.<\/em><\/p><p><strong>Datum Workshop Englisch<\/strong><br \/>Datum tba<\/p><p><a href=\"https:\/\/www.timeanddate.com\/worldclock\/converter.html?iso=20250809T091500&amp;p1=268&amp;p2=240&amp;p3=141&amp;p4=213&amp;p5=263&amp;p6=103\">Pr\u00fcfe deine Zeitzone hier<\/a><\/p><p><strong>Ort<br \/><\/strong>ONLINE - Zoom<\/p><\/div>\t\t\t\t\t\t\t\t<\/div>\n\t\t\t\t<\/div>\n\t\t\t\t<div class=\"elementor-element elementor-element-74bad50 elementor-widget__width-inherit elementor-widget elementor-widget-premium-addon-image-button\" data-id=\"74bad50\" data-element_type=\"widget\" data-e-type=\"widget\" data-widget_type=\"premium-addon-image-button.default\">\n\t\t\t\t<div class=\"elementor-widget-container\">\n\t\t\t\t\t\n\t\t<a class=\"premium-image-button-none premium-image-button premium-btn-lg premium-image-button-none\" href=\"https:\/\/WavesofOneness.as.me\/workshops\" target=\"_blank\">\n\t\t\t<div class=\"premium-image-button-text-icon-wrapper\">\n\n\t\t\t\t\n\t\t\t\t\t\t\t\t\t<span >\n\t\t\t\t\t\tRegistriere dich jetzt\t\t\t\t\t<\/span>\n\t\t\t\t\n\t\t\t<\/div>\n\n\t\t\t\n\t\t\t\n\t\t\t\n\t\t<\/a>\n\n\t\t\t\t\t\t<\/div>\n\t\t\t\t<\/div>\n\t\t\t\t<div class=\"elementor-element elementor-element-30cb075 elementor-hidden-desktop elementor-hidden-tablet elementor-hidden-mobile elementor-widget elementor-widget-html\" data-id=\"30cb075\" data-element_type=\"widget\" data-e-type=\"widget\" data-widget_type=\"html.default\">\n\t\t\t\t<div class=\"elementor-widget-container\">\n\t\t\t\t\t\n\n\n<div id=\"fd-form-64ddd04569d3497f05b54566\"><\/div>\n<script>\n  window.fd('form', {\n    formId: '64ddd04569d3497f05b54566',\n    containerEl: '#fd-form-64ddd04569d3497f05b54566'\n  });\n<\/script>\n\t\t\t\t<\/div>\n\t\t\t\t<\/div>\n\t\t\t\t<div class=\"elementor-element elementor-element-8955200 elementor-widget elementor-widget-text-editor\" data-id=\"8955200\" data-element_type=\"widget\" data-e-type=\"widget\" data-widget_type=\"text-editor.default\">\n\t\t\t\t<div class=\"elementor-widget-container\">\n\t\t\t\t\t\t\t\t\t<p><em>*Wir reisen auch, um Workshops anzubieten. Wenn du daran interessiert bist, dass wir einen Workshop in deiner Stadt durchf\u00fchren, <a href=\"https:\/\/www.wavesofoneness.com\/de\/kontakt\/\">bitte kontaktiere uns.<\/a>.<\/em><\/p>\t\t\t\t\t\t\t\t<\/div>\n\t\t\t\t<\/div>\n\t\t\t\t\t<\/div>\n\t\t<\/div>\n\t\t\t\t\t<\/div>\n\t\t<\/section>\n\t\t\t\t<div class=\"elementor-element elementor-element-d79e7ad elementor-widget-divider--view-line elementor-widget elementor-widget-divider\" data-id=\"d79e7ad\" data-element_type=\"widget\" data-e-type=\"widget\" data-widget_type=\"divider.default\">\n\t\t\t\t<div class=\"elementor-widget-container\">\n\t\t\t\t\t\t\t<div class=\"elementor-divider\">\n\t\t\t<span class=\"elementor-divider-separator\">\n\t\t\t\t\t\t<\/span>\n\t\t<\/div>\n\t\t\t\t\t\t<\/div>\n\t\t\t\t<\/div>\n\t\t\t\t<div class=\"elementor-element elementor-element-474b022 elementor-widget__width-inherit elementor-widget elementor-widget-premium-addon-image-button\" data-id=\"474b022\" data-element_type=\"widget\" data-e-type=\"widget\" data-widget_type=\"premium-addon-image-button.default\">\n\t\t\t\t<div class=\"elementor-widget-container\">\n\t\t\t\t\t\n\t\t<a class=\"premium-image-button-none premium-image-button premium-btn-sm premium-image-button-none\" href=\"https:\/\/www.wavesofoneness.com\/de\/veranstaltungen-retreats-workshops\/\">\n\t\t\t<div class=\"premium-image-button-text-icon-wrapper\">\n\n\t\t\t\t\n\t\t\t\t\t\t\t\t\t<span >\n\t\t\t\t\t\tZur\u00fcck zu Workshops\t\t\t\t\t<\/span>\n\t\t\t\t\n\t\t\t<\/div>\n\n\t\t\t\n\t\t\t\n\t\t\t\n\t\t<\/a>\n\n\t\t\t\t\t\t<\/div>\n\t\t\t\t<\/div>\n\t\t\t\t\t<\/div>\n\t\t<\/div>\n\t\t\t\t\t<\/div>\n\t\t<\/section>\n\t\t\t\t<section class=\"elementor-section elementor-top-section elementor-element elementor-element-4468293 elementor-section-boxed elementor-section-height-default elementor-section-height-default\" data-id=\"4468293\" data-element_type=\"section\" data-e-type=\"section\">\n\t\t\t\t\t\t<div class=\"elementor-container elementor-column-gap-default\">\n\t\t\t\t\t<div class=\"elementor-column elementor-col-100 elementor-top-column elementor-element elementor-element-ec240f8\" data-id=\"ec240f8\" data-element_type=\"column\" data-e-type=\"column\">\n\t\t\t<div class=\"elementor-widget-wrap\">\n\t\t\t\t\t\t\t<\/div>\n\t\t<\/div>\n\t\t\t\t\t<\/div>\n\t\t<\/section>\n\t\t\t\t<\/div>","protected":false},"excerpt":{"rendered":"<p>Waves of Oneness Whispers of the Web of Life &#8211; A Journey into the body &amp; Subtle Realms Online Workshop &#8211; English This experiential introductory workshop invites you to explore the subtle language of energy and deepen your intuitive connection with all forms of life\u2014seen and unseen.You will learn embodiment practices that help you understand [&hellip;]<\/p>\n","protected":false},"author":3,"featured_media":0,"parent":19091,"menu_order":0,"comment_status":"closed","ping_status":"closed","template":"","meta":{"footnotes":""},"class_list":["post-20923","page","type-page","status-publish","hentry"],"yoast_head":"<!-- This site is optimized with the Yoast SEO plugin v27.4 - https:\/\/yoast.com\/product\/yoast-seo-wordpress\/ -->\n<title>Whispers of the Web of Life - A Journey into the Subtle Realm - Waves of Oneness | Franziska Guentensperger<\/title>\n<meta name=\"robots\" content=\"index, follow, max-snippet:-1, max-image-preview:large, max-video-preview:-1\" \/>\n<link rel=\"canonical\" href=\"https:\/\/www.wavesofoneness.com\/de\/veranstaltungen-retreats-workshops\/gefluster-aus-dem-netz-des-lebens\/\" \/>\n<meta property=\"og:locale\" content=\"de_DE\" \/>\n<meta property=\"og:type\" content=\"article\" \/>\n<meta property=\"og:title\" content=\"Whispers of the Web of Life - A Journey into the Subtle Realm - Waves of Oneness | Franziska Guentensperger\" \/>\n<meta property=\"og:description\" content=\"Waves of Oneness Whispers of the Web of Life &#8211; A Journey into the body &amp; Subtle Realms Online Workshop &#8211; English This experiential introductory workshop invites you to explore the subtle language of energy and deepen your intuitive connection with all forms of life\u2014seen and unseen.You will learn embodiment practices that help you understand [&hellip;]\" \/>\n<meta property=\"og:url\" content=\"https:\/\/www.wavesofoneness.com\/de\/veranstaltungen-retreats-workshops\/gefluster-aus-dem-netz-des-lebens\/\" \/>\n<meta property=\"og:site_name\" content=\"Waves of Oneness | Franziska Guentensperger\" \/>\n<meta property=\"article:publisher\" content=\"https:\/\/www.facebook.com\/wavesofoneness\" \/>\n<meta property=\"article:modified_time\" content=\"2026-03-09T21:26:56+00:00\" \/>\n<meta property=\"og:image\" content=\"https:\/\/www.wavesofoneness.com\/wp-content\/uploads\/2021\/09\/hamburger-menu-white.png\" \/>\n\t<meta property=\"og:image:width\" content=\"48\" \/>\n\t<meta property=\"og:image:height\" content=\"29\" \/>\n\t<meta property=\"og:image:type\" content=\"image\/png\" \/>\n<meta name=\"twitter:card\" content=\"summary_large_image\" \/>\n<meta name=\"twitter:label1\" content=\"Gesch\u00e4tzte Lesezeit\" \/>\n\t<meta name=\"twitter:data1\" content=\"2\u00a0Minuten\" \/>\n<script type=\"application\/ld+json\" class=\"yoast-schema-graph\">{\"@context\":\"https:\\\/\\\/schema.org\",\"@graph\":[{\"@type\":\"WebPage\",\"@id\":\"https:\\\/\\\/www.wavesofoneness.com\\\/events-retreats-workshops\\\/whispers-of-the-web-of-life\\\/\",\"url\":\"https:\\\/\\\/www.wavesofoneness.com\\\/events-retreats-workshops\\\/whispers-of-the-web-of-life\\\/\",\"name\":\"Whispers of the Web of Life - A Journey into the Subtle Realm - Waves of Oneness | Franziska Guentensperger\",\"isPartOf\":{\"@id\":\"https:\\\/\\\/www.wavesofoneness.com\\\/#website\"},\"primaryImageOfPage\":{\"@id\":\"https:\\\/\\\/www.wavesofoneness.com\\\/events-retreats-workshops\\\/whispers-of-the-web-of-life\\\/#primaryimage\"},\"image\":{\"@id\":\"https:\\\/\\\/www.wavesofoneness.com\\\/events-retreats-workshops\\\/whispers-of-the-web-of-life\\\/#primaryimage\"},\"thumbnailUrl\":\"https:\\\/\\\/www.wavesofoneness.com\\\/wp-content\\\/uploads\\\/2021\\\/09\\\/hamburger-menu-white.png\",\"datePublished\":\"2025-06-24T19:13:12+00:00\",\"dateModified\":\"2026-03-09T21:26:56+00:00\",\"breadcrumb\":{\"@id\":\"https:\\\/\\\/www.wavesofoneness.com\\\/events-retreats-workshops\\\/whispers-of-the-web-of-life\\\/#breadcrumb\"},\"inLanguage\":\"de\",\"potentialAction\":[{\"@type\":\"ReadAction\",\"target\":[\"https:\\\/\\\/www.wavesofoneness.com\\\/events-retreats-workshops\\\/whispers-of-the-web-of-life\\\/\"]}]},{\"@type\":\"ImageObject\",\"inLanguage\":\"de\",\"@id\":\"https:\\\/\\\/www.wavesofoneness.com\\\/events-retreats-workshops\\\/whispers-of-the-web-of-life\\\/#primaryimage\",\"url\":\"https:\\\/\\\/www.wavesofoneness.com\\\/wp-content\\\/uploads\\\/2021\\\/09\\\/hamburger-menu-white.png\",\"contentUrl\":\"https:\\\/\\\/www.wavesofoneness.com\\\/wp-content\\\/uploads\\\/2021\\\/09\\\/hamburger-menu-white.png\"},{\"@type\":\"BreadcrumbList\",\"@id\":\"https:\\\/\\\/www.wavesofoneness.com\\\/events-retreats-workshops\\\/whispers-of-the-web-of-life\\\/#breadcrumb\",\"itemListElement\":[{\"@type\":\"ListItem\",\"position\":1,\"name\":\"Home\",\"item\":\"https:\\\/\\\/www.wavesofoneness.com\\\/\"},{\"@type\":\"ListItem\",\"position\":2,\"name\":\"Events Retreats &amp; Workshops\",\"item\":\"https:\\\/\\\/www.wavesofoneness.com\\\/events-retreats-workshops\\\/\"},{\"@type\":\"ListItem\",\"position\":3,\"name\":\"Whispers of the Web of Life &#8211; A Journey into the Subtle Realm\"}]},{\"@type\":\"WebSite\",\"@id\":\"https:\\\/\\\/www.wavesofoneness.com\\\/#website\",\"url\":\"https:\\\/\\\/www.wavesofoneness.com\\\/\",\"name\":\"Waves of Oneness | Franziska Guentensperger\",\"description\":\"Empower. Heal. Unite.\",\"publisher\":{\"@id\":\"https:\\\/\\\/www.wavesofoneness.com\\\/#organization\"},\"potentialAction\":[{\"@type\":\"SearchAction\",\"target\":{\"@type\":\"EntryPoint\",\"urlTemplate\":\"https:\\\/\\\/www.wavesofoneness.com\\\/?s={search_term_string}\"},\"query-input\":{\"@type\":\"PropertyValueSpecification\",\"valueRequired\":true,\"valueName\":\"search_term_string\"}}],\"inLanguage\":\"de\"},{\"@type\":\"Organization\",\"@id\":\"https:\\\/\\\/www.wavesofoneness.com\\\/#organization\",\"name\":\"Waves of Oneness\",\"url\":\"https:\\\/\\\/www.wavesofoneness.com\\\/\",\"logo\":{\"@type\":\"ImageObject\",\"inLanguage\":\"de\",\"@id\":\"https:\\\/\\\/www.wavesofoneness.com\\\/#\\\/schema\\\/logo\\\/image\\\/\",\"url\":\"https:\\\/\\\/www.wavesofoneness.com\\\/wp-content\\\/uploads\\\/2021\\\/10\\\/wow-logo-icon-iridescent.png\",\"contentUrl\":\"https:\\\/\\\/www.wavesofoneness.com\\\/wp-content\\\/uploads\\\/2021\\\/10\\\/wow-logo-icon-iridescent.png\",\"width\":300,\"height\":322,\"caption\":\"Waves of Oneness\"},\"image\":{\"@id\":\"https:\\\/\\\/www.wavesofoneness.com\\\/#\\\/schema\\\/logo\\\/image\\\/\"},\"sameAs\":[\"https:\\\/\\\/www.facebook.com\\\/wavesofoneness\",\"https:\\\/\\\/www.instagram.com\\\/waves_of_oneness\\\/\",\"https:\\\/\\\/www.youtube.com\\\/channel\\\/UC7fjPn_gM4l7V4-gZ-Y-vtw?view_as=public\"]}]}<\/script>\n<!-- \/ Yoast SEO plugin. -->","yoast_head_json":{"title":"Das Fl\u00fcstern des Netzes des Lebens - Eine Reise in das feinstoffliche Reich - Wellen des Einsseins | Franziska Guentensperger","robots":{"index":"index","follow":"follow","max-snippet":"max-snippet:-1","max-image-preview":"max-image-preview:large","max-video-preview":"max-video-preview:-1"},"canonical":"https:\/\/www.wavesofoneness.com\/de\/veranstaltungen-retreats-workshops\/gefluster-aus-dem-netz-des-lebens\/","og_locale":"de_DE","og_type":"article","og_title":"Whispers of the Web of Life - A Journey into the Subtle Realm - Waves of Oneness | Franziska Guentensperger","og_description":"Waves of Oneness Whispers of the Web of Life &#8211; A Journey into the body &amp; Subtle Realms Online Workshop &#8211; English This experiential introductory workshop invites you to explore the subtle language of energy and deepen your intuitive connection with all forms of life\u2014seen and unseen.You will learn embodiment practices that help you understand [&hellip;]","og_url":"https:\/\/www.wavesofoneness.com\/de\/veranstaltungen-retreats-workshops\/gefluster-aus-dem-netz-des-lebens\/","og_site_name":"Waves of Oneness | Franziska Guentensperger","article_publisher":"https:\/\/www.facebook.com\/wavesofoneness","article_modified_time":"2026-03-09T21:26:56+00:00","og_image":[{"width":48,"height":29,"url":"https:\/\/www.wavesofoneness.com\/wp-content\/uploads\/2021\/09\/hamburger-menu-white.png","type":"image\/png"}],"twitter_card":"summary_large_image","twitter_misc":{"Gesch\u00e4tzte Lesezeit":"2\u00a0Minuten"},"schema":{"@context":"https:\/\/schema.org","@graph":[{"@type":"WebPage","@id":"https:\/\/www.wavesofoneness.com\/events-retreats-workshops\/whispers-of-the-web-of-life\/","url":"https:\/\/www.wavesofoneness.com\/events-retreats-workshops\/whispers-of-the-web-of-life\/","name":"Das Fl\u00fcstern des Netzes des Lebens - Eine Reise in das feinstoffliche Reich - Wellen des Einsseins | Franziska Guentensperger","isPartOf":{"@id":"https:\/\/www.wavesofoneness.com\/#website"},"primaryImageOfPage":{"@id":"https:\/\/www.wavesofoneness.com\/events-retreats-workshops\/whispers-of-the-web-of-life\/#primaryimage"},"image":{"@id":"https:\/\/www.wavesofoneness.com\/events-retreats-workshops\/whispers-of-the-web-of-life\/#primaryimage"},"thumbnailUrl":"https:\/\/www.wavesofoneness.com\/wp-content\/uploads\/2021\/09\/hamburger-menu-white.png","datePublished":"2025-06-24T19:13:12+00:00","dateModified":"2026-03-09T21:26:56+00:00","breadcrumb":{"@id":"https:\/\/www.wavesofoneness.com\/events-retreats-workshops\/whispers-of-the-web-of-life\/#breadcrumb"},"inLanguage":"de","potentialAction":[{"@type":"ReadAction","target":["https:\/\/www.wavesofoneness.com\/events-retreats-workshops\/whispers-of-the-web-of-life\/"]}]},{"@type":"ImageObject","inLanguage":"de","@id":"https:\/\/www.wavesofoneness.com\/events-retreats-workshops\/whispers-of-the-web-of-life\/#primaryimage","url":"https:\/\/www.wavesofoneness.com\/wp-content\/uploads\/2021\/09\/hamburger-menu-white.png","contentUrl":"https:\/\/www.wavesofoneness.com\/wp-content\/uploads\/2021\/09\/hamburger-menu-white.png"},{"@type":"BreadcrumbList","@id":"https:\/\/www.wavesofoneness.com\/events-retreats-workshops\/whispers-of-the-web-of-life\/#breadcrumb","itemListElement":[{"@type":"ListItem","position":1,"name":"Home","item":"https:\/\/www.wavesofoneness.com\/"},{"@type":"ListItem","position":2,"name":"Events Retreats &amp; Workshops","item":"https:\/\/www.wavesofoneness.com\/events-retreats-workshops\/"},{"@type":"ListItem","position":3,"name":"Whispers of the Web of Life &#8211; A Journey into the Subtle Realm"}]},{"@type":"WebSite","@id":"https:\/\/www.wavesofoneness.com\/#website","url":"https:\/\/www.wavesofoneness.com\/","name":"Wellen des Einsseins | Franziska Guentensperger","description":"Bef\u00e4higen. Heilen. Vereinigen.","publisher":{"@id":"https:\/\/www.wavesofoneness.com\/#organization"},"potentialAction":[{"@type":"SearchAction","target":{"@type":"EntryPoint","urlTemplate":"https:\/\/www.wavesofoneness.com\/?s={search_term_string}"},"query-input":{"@type":"PropertyValueSpecification","valueRequired":true,"valueName":"search_term_string"}}],"inLanguage":"de"},{"@type":"Organization","@id":"https:\/\/www.wavesofoneness.com\/#organization","name":"Waves of Oneness","url":"https:\/\/www.wavesofoneness.com\/","logo":{"@type":"ImageObject","inLanguage":"de","@id":"https:\/\/www.wavesofoneness.com\/#\/schema\/logo\/image\/","url":"https:\/\/www.wavesofoneness.com\/wp-content\/uploads\/2021\/10\/wow-logo-icon-iridescent.png","contentUrl":"https:\/\/www.wavesofoneness.com\/wp-content\/uploads\/2021\/10\/wow-logo-icon-iridescent.png","width":300,"height":322,"caption":"Waves of Oneness"},"image":{"@id":"https:\/\/www.wavesofoneness.com\/#\/schema\/logo\/image\/"},"sameAs":["https:\/\/www.facebook.com\/wavesofoneness","https:\/\/www.instagram.com\/waves_of_oneness\/","https:\/\/www.youtube.com\/channel\/UC7fjPn_gM4l7V4-gZ-Y-vtw?view_as=public"]}]}},"_links":{"self":[{"href":"https:\/\/www.wavesofoneness.com\/de\/wp-json\/wp\/v2\/pages\/20923","targetHints":{"allow":["GET"]}}],"collection":[{"href":"https:\/\/www.wavesofoneness.com\/de\/wp-json\/wp\/v2\/pages"}],"about":[{"href":"https:\/\/www.wavesofoneness.com\/de\/wp-json\/wp\/v2\/types\/page"}],"author":[{"embeddable":true,"href":"https:\/\/www.wavesofoneness.com\/de\/wp-json\/wp\/v2\/users\/3"}],"replies":[{"embeddable":true,"href":"https:\/\/www.wavesofoneness.com\/de\/wp-json\/wp\/v2\/comments?post=20923"}],"version-history":[{"count":55,"href":"https:\/\/www.wavesofoneness.com\/de\/wp-json\/wp\/v2\/pages\/20923\/revisions"}],"predecessor-version":[{"id":21308,"href":"https:\/\/www.wavesofoneness.com\/de\/wp-json\/wp\/v2\/pages\/20923\/revisions\/21308"}],"up":[{"embeddable":true,"href":"https:\/\/www.wavesofoneness.com\/de\/wp-json\/wp\/v2\/pages\/19091"}],"wp:attachment":[{"href":"https:\/\/www.wavesofoneness.com\/de\/wp-json\/wp\/v2\/media?parent=20923"}],"curies":[{"name":"wp","href":"https:\/\/api.w.org\/{rel}","templated":true}]}}