{"id":19086,"date":"2024-06-05T02:19:41","date_gmt":"2024-06-05T00:19:41","guid":{"rendered":"https:\/\/www.wavesofoneness.com\/?page_id=19086"},"modified":"2026-03-09T19:58:22","modified_gmt":"2026-03-09T18:58:22","slug":"yogaunterricht-kurse","status":"publish","type":"page","link":"https:\/\/www.wavesofoneness.com\/de\/work-with-franziska\/yoga-classes-courses\/","title":{"rendered":"Yoga Unterricht &amp; Kurse"},"content":{"rendered":"<div data-elementor-type=\"wp-page\" data-elementor-id=\"19086\" class=\"elementor elementor-19086\" data-elementor-post-type=\"page\">\n\t\t\t\t\t\t<section class=\"elementor-section elementor-top-section elementor-element elementor-element-14ae1d1 elementor-section-full_width elementor-section-height-default elementor-section-height-default\" data-id=\"14ae1d1\" data-element_type=\"section\" data-e-type=\"section\" data-settings=\"{&quot;background_background&quot;:&quot;classic&quot;}\">\n\t\t\t\t\t\t<div class=\"elementor-container elementor-column-gap-default\">\n\t\t\t\t\t<div class=\"elementor-column elementor-col-100 elementor-top-column elementor-element elementor-element-2e38ea0\" data-id=\"2e38ea0\" data-element_type=\"column\" data-e-type=\"column\">\n\t\t\t<div class=\"elementor-widget-wrap elementor-element-populated\">\n\t\t\t\t\t\t<section class=\"elementor-section elementor-inner-section elementor-element elementor-element-0102bd4 elementor-section-full_width elementor-section-height-default elementor-section-height-default\" data-id=\"0102bd4\" data-element_type=\"section\" data-e-type=\"section\">\n\t\t\t\t\t\t<div class=\"elementor-container elementor-column-gap-default\">\n\t\t\t\t\t<div class=\"elementor-column elementor-col-50 elementor-inner-column elementor-element elementor-element-482664c\" data-id=\"482664c\" data-element_type=\"column\" data-e-type=\"column\">\n\t\t\t<div class=\"elementor-widget-wrap elementor-element-populated\">\n\t\t\t\t\t\t<div class=\"elementor-element elementor-element-52e66c3 elementor-widget elementor-widget-heading\" data-id=\"52e66c3\" data-element_type=\"widget\" data-e-type=\"widget\" data-widget_type=\"heading.default\">\n\t\t\t\t<div class=\"elementor-widget-container\">\n\t\t\t\t\t<h2 class=\"elementor-heading-title elementor-size-default\"><a href=\"https:\/\/www.wavesofoneness.com\/de\/\">Waves of Oneness<\/a><\/h2>\t\t\t\t<\/div>\n\t\t\t\t<\/div>\n\t\t\t\t\t<\/div>\n\t\t<\/div>\n\t\t\t\t<div class=\"elementor-column elementor-col-50 elementor-inner-column elementor-element elementor-element-2f555e6\" data-id=\"2f555e6\" data-element_type=\"column\" data-e-type=\"column\">\n\t\t\t<div class=\"elementor-widget-wrap elementor-element-populated\">\n\t\t\t\t\t\t<div class=\"elementor-element elementor-element-6ffece2 elementor-widget elementor-widget-image\" data-id=\"6ffece2\" data-element_type=\"widget\" data-e-type=\"widget\" data-widget_type=\"image.default\">\n\t\t\t\t<div class=\"elementor-widget-container\">\n\t\t\t\t\t\t\t\t\t\t\t\t\t\t\t\t<a href=\"#elementor-action%3Aaction%3Dpopup%3Aopen%26settings%3DeyJpZCI6IjgwIiwidG9nZ2xlIjpmYWxzZX0%3D\">\n\t\t\t\t\t\t\t<img decoding=\"async\" width=\"48\" height=\"29\" src=\"https:\/\/www.wavesofoneness.com\/wp-content\/uploads\/2021\/09\/hamburger-menu-white.png\" class=\"attachment-large size-large wp-image-47\" alt=\"\" \/>\t\t\t\t\t\t\t\t<\/a>\n\t\t\t\t\t\t\t\t\t\t\t\t\t\t\t<\/div>\n\t\t\t\t<\/div>\n\t\t\t\t\t<\/div>\n\t\t<\/div>\n\t\t\t\t\t<\/div>\n\t\t<\/section>\n\t\t\t\t<div class=\"elementor-element elementor-element-36dcb0e elementor-widget elementor-widget-spacer\" data-id=\"36dcb0e\" data-element_type=\"widget\" data-e-type=\"widget\" data-widget_type=\"spacer.default\">\n\t\t\t\t<div class=\"elementor-widget-container\">\n\t\t\t\t\t\t\t<div class=\"elementor-spacer\">\n\t\t\t<div class=\"elementor-spacer-inner\"><\/div>\n\t\t<\/div>\n\t\t\t\t\t\t<\/div>\n\t\t\t\t<\/div>\n\t\t\t\t<div class=\"elementor-element elementor-element-c366d33 elementor-widget elementor-widget-heading\" data-id=\"c366d33\" data-element_type=\"widget\" data-e-type=\"widget\" data-widget_type=\"heading.default\">\n\t\t\t\t<div class=\"elementor-widget-container\">\n\t\t\t\t\t<h2 class=\"elementor-heading-title elementor-size-default\">Yoga Unterricht &amp; Kurse<\/h2>\t\t\t\t<\/div>\n\t\t\t\t<\/div>\n\t\t\t\t<div class=\"elementor-element elementor-element-ba3d8ea elementor-widget elementor-widget-spacer\" data-id=\"ba3d8ea\" data-element_type=\"widget\" data-e-type=\"widget\" data-widget_type=\"spacer.default\">\n\t\t\t\t<div class=\"elementor-widget-container\">\n\t\t\t\t\t\t\t<div class=\"elementor-spacer\">\n\t\t\t<div class=\"elementor-spacer-inner\"><\/div>\n\t\t<\/div>\n\t\t\t\t\t\t<\/div>\n\t\t\t\t<\/div>\n\t\t\t\t\t<\/div>\n\t\t<\/div>\n\t\t\t\t\t<\/div>\n\t\t<\/section>\n\t\t\t\t<section class=\"elementor-section elementor-top-section elementor-element elementor-element-cd0c69d elementor-section-boxed elementor-section-height-default elementor-section-height-default\" data-id=\"cd0c69d\" data-element_type=\"section\" data-e-type=\"section\" data-settings=\"{&quot;background_background&quot;:&quot;gradient&quot;}\">\n\t\t\t\t\t\t<div class=\"elementor-container elementor-column-gap-default\">\n\t\t\t\t\t<div class=\"elementor-column elementor-col-100 elementor-top-column elementor-element elementor-element-729ff40\" data-id=\"729ff40\" data-element_type=\"column\" data-e-type=\"column\">\n\t\t\t<div class=\"elementor-widget-wrap elementor-element-populated\">\n\t\t\t\t\t\t<div class=\"elementor-element elementor-element-9b3fe64 elementor-widget elementor-widget-text-editor\" data-id=\"9b3fe64\" data-element_type=\"widget\" data-e-type=\"widget\" data-widget_type=\"text-editor.default\">\n\t\t\t\t<div class=\"elementor-widget-container\">\n\t\t\t\t\t\t\t\t\t<p style=\"font-size: 17.6px; text-align: start;\">Franziska unterrichtet Klassen, die auf Ashtanga Yoga basieren.<\/p><p style=\"font-size: 17.6px; text-align: start;\">Yoga ist eine kraftvolle und transformative Methode, welche die Synchronisation von Atem und Bewegung in einer fortlaufenden Reihe von Yoga-Stellungen vereint, um K\u00f6rper, Geist und Seele zu unterst\u00fctzen.<\/p><p style=\"font-size: 17.6px; text-align: start;\">Schon nach wenigen Wochen wirst du eine Steigerung von Wohlbefinden, Konzentration, Kraft, Ausdauer und Beweglichkeit sp\u00fcren. Yoga hilft dir auch Stress, Angstzust\u00e4nde, Depressionen und k\u00f6rperliche Erkrankungen besser zu bew\u00e4ltigen.<\/p><p style=\"font-size: 17.6px; text-align: start;\">Zurzeit unterrichtet Franziska gef\u00fchrte Gruppen und Einzelunterricht. Pakete und Gruppenbuchungen sind m\u00f6glich<\/p>\t\t\t\t\t\t\t\t<\/div>\n\t\t\t\t<\/div>\n\t\t\t\t<div class=\"elementor-element elementor-element-b91fdca elementor-widget-divider--view-line elementor-widget elementor-widget-divider\" data-id=\"b91fdca\" data-element_type=\"widget\" data-e-type=\"widget\" data-widget_type=\"divider.default\">\n\t\t\t\t<div class=\"elementor-widget-container\">\n\t\t\t\t\t\t\t<div class=\"elementor-divider\">\n\t\t\t<span class=\"elementor-divider-separator\">\n\t\t\t\t\t\t<\/span>\n\t\t<\/div>\n\t\t\t\t\t\t<\/div>\n\t\t\t\t<\/div>\n\t\t\t\t<div class=\"elementor-element elementor-element-e502bb8 elementor-widget elementor-widget-heading\" data-id=\"e502bb8\" data-element_type=\"widget\" data-e-type=\"widget\" data-widget_type=\"heading.default\">\n\t\t\t\t<div class=\"elementor-widget-container\">\n\t\t\t\t\t<h2 class=\"elementor-heading-title elementor-size-default\">Buchen<\/h2>\t\t\t\t<\/div>\n\t\t\t\t<\/div>\n\t\t\t\t<section class=\"elementor-section elementor-inner-section elementor-element elementor-element-5606321 elementor-section-boxed elementor-section-height-default elementor-section-height-default\" data-id=\"5606321\" data-element_type=\"section\" data-e-type=\"section\">\n\t\t\t\t\t\t<div class=\"elementor-container elementor-column-gap-default\">\n\t\t\t\t\t<div class=\"elementor-column elementor-col-50 elementor-inner-column elementor-element elementor-element-8dad7e7\" data-id=\"8dad7e7\" data-element_type=\"column\" data-e-type=\"column\">\n\t\t\t<div class=\"elementor-widget-wrap elementor-element-populated\">\n\t\t\t\t\t\t<div class=\"elementor-element elementor-element-be66bcc elementor-widget elementor-widget-text-editor\" data-id=\"be66bcc\" data-element_type=\"widget\" data-e-type=\"widget\" data-widget_type=\"text-editor.default\">\n\t\t\t\t<div class=\"elementor-widget-container\">\n\t\t\t\t\t\t\t\t\t<p><span style=\"color: var( --e-global-color-text ); font-family: var( --e-global-typography-text-font-family ), Sans-serif; background-color: transparent;\"><b>Gruppenkurse<\/b><\/span><\/p>\t\t\t\t\t\t\t\t<\/div>\n\t\t\t\t<\/div>\n\t\t\t\t<div class=\"elementor-element elementor-element-4f9621b elementor-widget__width-inherit elementor-widget elementor-widget-premium-addon-image-button\" data-id=\"4f9621b\" data-element_type=\"widget\" data-e-type=\"widget\" data-widget_type=\"premium-addon-image-button.default\">\n\t\t\t\t<div class=\"elementor-widget-container\">\n\t\t\t\t\t\n\t\t<a class=\"premium-image-button-none premium-image-button premium-btn-lg premium-image-button-none\" href=\"https:\/\/www.wavesofoneness.com\/de\/retreats-workshops\/\" target=\"_blank\">\n\t\t\t<div class=\"premium-image-button-text-icon-wrapper\">\n\n\t\t\t\t\n\t\t\t\t\t\t\t\t\t<span >\n\t\t\t\t\t\tMelde dich jetzt an\t\t\t\t\t<\/span>\n\t\t\t\t\n\t\t\t<\/div>\n\n\t\t\t\n\t\t\t\n\t\t\t\n\t\t<\/a>\n\n\t\t\t\t\t\t<\/div>\n\t\t\t\t<\/div>\n\t\t\t\t\t<\/div>\n\t\t<\/div>\n\t\t\t\t<div class=\"elementor-column elementor-col-50 elementor-inner-column elementor-element elementor-element-03f2940\" data-id=\"03f2940\" data-element_type=\"column\" data-e-type=\"column\">\n\t\t\t<div class=\"elementor-widget-wrap elementor-element-populated\">\n\t\t\t\t\t\t<div class=\"elementor-element elementor-element-25f256d elementor-widget elementor-widget-text-editor\" data-id=\"25f256d\" data-element_type=\"widget\" data-e-type=\"widget\" data-widget_type=\"text-editor.default\">\n\t\t\t\t<div class=\"elementor-widget-container\">\n\t\t\t\t\t\t\t\t\t<p><span style=\"color: var( --e-global-color-text ); font-family: var( --e-global-typography-text-font-family ), Sans-serif; background-color: transparent;\"><b>Privatunterricht<\/b><\/span><\/p>\t\t\t\t\t\t\t\t<\/div>\n\t\t\t\t<\/div>\n\t\t\t\t<div class=\"elementor-element elementor-element-6794368 elementor-widget__width-inherit elementor-widget elementor-widget-premium-addon-image-button\" data-id=\"6794368\" data-element_type=\"widget\" data-e-type=\"widget\" data-widget_type=\"premium-addon-image-button.default\">\n\t\t\t\t<div class=\"elementor-widget-container\">\n\t\t\t\t\t\n\t\t<a class=\"premium-image-button-none premium-image-button premium-btn-lg premium-image-button-none\" href=\"https:\/\/www.wavesofoneness.com\/de\/kontakt\/\" target=\"_blank\">\n\t\t\t<div class=\"premium-image-button-text-icon-wrapper\">\n\n\t\t\t\t\n\t\t\t\t\t\t\t\t\t<span >\n\t\t\t\t\t\tMelde dich jetzt an\t\t\t\t\t<\/span>\n\t\t\t\t\n\t\t\t<\/div>\n\n\t\t\t\n\t\t\t\n\t\t\t\n\t\t<\/a>\n\n\t\t\t\t\t\t<\/div>\n\t\t\t\t<\/div>\n\t\t\t\t\t<\/div>\n\t\t<\/div>\n\t\t\t\t\t<\/div>\n\t\t<\/section>\n\t\t\t\t<div class=\"elementor-element elementor-element-cd433b1 elementor-widget-divider--view-line elementor-widget elementor-widget-divider\" data-id=\"cd433b1\" data-element_type=\"widget\" data-e-type=\"widget\" data-widget_type=\"divider.default\">\n\t\t\t\t<div class=\"elementor-widget-container\">\n\t\t\t\t\t\t\t<div class=\"elementor-divider\">\n\t\t\t<span class=\"elementor-divider-separator\">\n\t\t\t\t\t\t<\/span>\n\t\t<\/div>\n\t\t\t\t\t\t<\/div>\n\t\t\t\t<\/div>\n\t\t\t\t<div class=\"elementor-element elementor-element-57f193f elementor-widget__width-inherit elementor-widget elementor-widget-premium-addon-image-button\" data-id=\"57f193f\" data-element_type=\"widget\" data-e-type=\"widget\" data-widget_type=\"premium-addon-image-button.default\">\n\t\t\t\t<div class=\"elementor-widget-container\">\n\t\t\t\t\t\n\t\t<a class=\"premium-image-button-none premium-image-button premium-btn-sm premium-image-button-none\" href=\"https:\/\/www.wavesofoneness.com\/de\/veranstaltungen-retreats-workshops\/\">\n\t\t\t<div class=\"premium-image-button-text-icon-wrapper\">\n\n\t\t\t\t\n\t\t\t\t\t\t\t\t\t<span >\n\t\t\t\t\t\tWeitere Dienstleistungen\t\t\t\t\t<\/span>\n\t\t\t\t\n\t\t\t<\/div>\n\n\t\t\t\n\t\t\t\n\t\t\t\n\t\t<\/a>\n\n\t\t\t\t\t\t<\/div>\n\t\t\t\t<\/div>\n\t\t\t\t\t<\/div>\n\t\t<\/div>\n\t\t\t\t\t<\/div>\n\t\t<\/section>\n\t\t\t\t<\/div>","protected":false},"excerpt":{"rendered":"<p>Waves of Oneness Yoga Classes &amp; Courses Franziska teaches classes based on Ashtanga Yoga. Yoga is a powerful and transformational method that uses synchronization of breath and movement in a progressive series of yoga postures, supporting body, mind and spirit. After just a few weeks you will feel an increase in your well-being, concentration, strength, [&hellip;]<\/p>\n","protected":false},"author":2,"featured_media":0,"parent":19058,"menu_order":0,"comment_status":"closed","ping_status":"closed","template":"","meta":{"footnotes":""},"class_list":["post-19086","page","type-page","status-publish","hentry"],"yoast_head":"<!-- This site is optimized with the Yoast SEO plugin v27.4 - https:\/\/yoast.com\/product\/yoast-seo-wordpress\/ -->\n<title>Yoga Classes &amp; Courses - Waves of Oneness | Franziska Guentensperger<\/title>\n<meta name=\"robots\" content=\"index, follow, max-snippet:-1, max-image-preview:large, max-video-preview:-1\" \/>\n<link rel=\"canonical\" href=\"https:\/\/www.wavesofoneness.com\/de\/arbeit-mit-franziska\/yogaunterricht-kurse\/\" \/>\n<meta property=\"og:locale\" content=\"de_DE\" \/>\n<meta property=\"og:type\" content=\"article\" \/>\n<meta property=\"og:title\" content=\"Yoga Classes &amp; Courses - Waves of Oneness | Franziska Guentensperger\" \/>\n<meta property=\"og:description\" content=\"Waves of Oneness Yoga Classes &amp; Courses Franziska teaches classes based on Ashtanga Yoga. Yoga is a powerful and transformational method that uses synchronization of breath and movement in a progressive series of yoga postures, supporting body, mind and spirit. After just a few weeks you will feel an increase in your well-being, concentration, strength, [&hellip;]\" \/>\n<meta property=\"og:url\" content=\"https:\/\/www.wavesofoneness.com\/de\/arbeit-mit-franziska\/yogaunterricht-kurse\/\" \/>\n<meta property=\"og:site_name\" content=\"Waves of Oneness | Franziska Guentensperger\" \/>\n<meta property=\"article:publisher\" content=\"https:\/\/www.facebook.com\/wavesofoneness\" \/>\n<meta property=\"article:modified_time\" content=\"2026-03-09T18:58:22+00:00\" \/>\n<meta property=\"og:image\" content=\"https:\/\/www.wavesofoneness.com\/wp-content\/uploads\/2021\/09\/hamburger-menu-white.png\" \/>\n\t<meta property=\"og:image:width\" content=\"48\" \/>\n\t<meta property=\"og:image:height\" content=\"29\" \/>\n\t<meta property=\"og:image:type\" content=\"image\/png\" \/>\n<meta name=\"twitter:card\" content=\"summary_large_image\" \/>\n<meta name=\"twitter:label1\" content=\"Gesch\u00e4tzte Lesezeit\" \/>\n\t<meta name=\"twitter:data1\" content=\"1\u00a0Minute\" \/>\n<script type=\"application\/ld+json\" class=\"yoast-schema-graph\">{\"@context\":\"https:\\\/\\\/schema.org\",\"@graph\":[{\"@type\":\"WebPage\",\"@id\":\"https:\\\/\\\/www.wavesofoneness.com\\\/work-with-franziska\\\/yoga-classes-courses\\\/\",\"url\":\"https:\\\/\\\/www.wavesofoneness.com\\\/work-with-franziska\\\/yoga-classes-courses\\\/\",\"name\":\"Yoga Classes &amp; Courses - Waves of Oneness | Franziska Guentensperger\",\"isPartOf\":{\"@id\":\"https:\\\/\\\/www.wavesofoneness.com\\\/#website\"},\"primaryImageOfPage\":{\"@id\":\"https:\\\/\\\/www.wavesofoneness.com\\\/work-with-franziska\\\/yoga-classes-courses\\\/#primaryimage\"},\"image\":{\"@id\":\"https:\\\/\\\/www.wavesofoneness.com\\\/work-with-franziska\\\/yoga-classes-courses\\\/#primaryimage\"},\"thumbnailUrl\":\"https:\\\/\\\/www.wavesofoneness.com\\\/wp-content\\\/uploads\\\/2021\\\/09\\\/hamburger-menu-white.png\",\"datePublished\":\"2024-06-05T00:19:41+00:00\",\"dateModified\":\"2026-03-09T18:58:22+00:00\",\"breadcrumb\":{\"@id\":\"https:\\\/\\\/www.wavesofoneness.com\\\/work-with-franziska\\\/yoga-classes-courses\\\/#breadcrumb\"},\"inLanguage\":\"de\",\"potentialAction\":[{\"@type\":\"ReadAction\",\"target\":[\"https:\\\/\\\/www.wavesofoneness.com\\\/work-with-franziska\\\/yoga-classes-courses\\\/\"]}]},{\"@type\":\"ImageObject\",\"inLanguage\":\"de\",\"@id\":\"https:\\\/\\\/www.wavesofoneness.com\\\/work-with-franziska\\\/yoga-classes-courses\\\/#primaryimage\",\"url\":\"https:\\\/\\\/www.wavesofoneness.com\\\/wp-content\\\/uploads\\\/2021\\\/09\\\/hamburger-menu-white.png\",\"contentUrl\":\"https:\\\/\\\/www.wavesofoneness.com\\\/wp-content\\\/uploads\\\/2021\\\/09\\\/hamburger-menu-white.png\"},{\"@type\":\"BreadcrumbList\",\"@id\":\"https:\\\/\\\/www.wavesofoneness.com\\\/work-with-franziska\\\/yoga-classes-courses\\\/#breadcrumb\",\"itemListElement\":[{\"@type\":\"ListItem\",\"position\":1,\"name\":\"Home\",\"item\":\"https:\\\/\\\/www.wavesofoneness.com\\\/\"},{\"@type\":\"ListItem\",\"position\":2,\"name\":\"Work with Franziska\",\"item\":\"https:\\\/\\\/www.wavesofoneness.com\\\/work-with-franziska\\\/\"},{\"@type\":\"ListItem\",\"position\":3,\"name\":\"Yoga Classes &amp; Courses\"}]},{\"@type\":\"WebSite\",\"@id\":\"https:\\\/\\\/www.wavesofoneness.com\\\/#website\",\"url\":\"https:\\\/\\\/www.wavesofoneness.com\\\/\",\"name\":\"Waves of Oneness | Franziska Guentensperger\",\"description\":\"Empower. Heal. Unite.\",\"publisher\":{\"@id\":\"https:\\\/\\\/www.wavesofoneness.com\\\/#organization\"},\"potentialAction\":[{\"@type\":\"SearchAction\",\"target\":{\"@type\":\"EntryPoint\",\"urlTemplate\":\"https:\\\/\\\/www.wavesofoneness.com\\\/?s={search_term_string}\"},\"query-input\":{\"@type\":\"PropertyValueSpecification\",\"valueRequired\":true,\"valueName\":\"search_term_string\"}}],\"inLanguage\":\"de\"},{\"@type\":\"Organization\",\"@id\":\"https:\\\/\\\/www.wavesofoneness.com\\\/#organization\",\"name\":\"Waves of Oneness\",\"url\":\"https:\\\/\\\/www.wavesofoneness.com\\\/\",\"logo\":{\"@type\":\"ImageObject\",\"inLanguage\":\"de\",\"@id\":\"https:\\\/\\\/www.wavesofoneness.com\\\/#\\\/schema\\\/logo\\\/image\\\/\",\"url\":\"https:\\\/\\\/www.wavesofoneness.com\\\/wp-content\\\/uploads\\\/2021\\\/10\\\/wow-logo-icon-iridescent.png\",\"contentUrl\":\"https:\\\/\\\/www.wavesofoneness.com\\\/wp-content\\\/uploads\\\/2021\\\/10\\\/wow-logo-icon-iridescent.png\",\"width\":300,\"height\":322,\"caption\":\"Waves of Oneness\"},\"image\":{\"@id\":\"https:\\\/\\\/www.wavesofoneness.com\\\/#\\\/schema\\\/logo\\\/image\\\/\"},\"sameAs\":[\"https:\\\/\\\/www.facebook.com\\\/wavesofoneness\",\"https:\\\/\\\/www.instagram.com\\\/waves_of_oneness\\\/\",\"https:\\\/\\\/www.youtube.com\\\/channel\\\/UC7fjPn_gM4l7V4-gZ-Y-vtw?view_as=public\"]}]}<\/script>\n<!-- \/ Yoast SEO plugin. -->","yoast_head_json":{"title":"Yogaunterricht &amp; Kurse - Waves of Oneness | Franziska Guentensperger","robots":{"index":"index","follow":"follow","max-snippet":"max-snippet:-1","max-image-preview":"max-image-preview:large","max-video-preview":"max-video-preview:-1"},"canonical":"https:\/\/www.wavesofoneness.com\/de\/arbeit-mit-franziska\/yogaunterricht-kurse\/","og_locale":"de_DE","og_type":"article","og_title":"Yoga Classes &amp; Courses - Waves of Oneness | Franziska Guentensperger","og_description":"Waves of Oneness Yoga Classes &amp; Courses Franziska teaches classes based on Ashtanga Yoga. Yoga is a powerful and transformational method that uses synchronization of breath and movement in a progressive series of yoga postures, supporting body, mind and spirit. After just a few weeks you will feel an increase in your well-being, concentration, strength, [&hellip;]","og_url":"https:\/\/www.wavesofoneness.com\/de\/arbeit-mit-franziska\/yogaunterricht-kurse\/","og_site_name":"Waves of Oneness | Franziska Guentensperger","article_publisher":"https:\/\/www.facebook.com\/wavesofoneness","article_modified_time":"2026-03-09T18:58:22+00:00","og_image":[{"width":48,"height":29,"url":"https:\/\/www.wavesofoneness.com\/wp-content\/uploads\/2021\/09\/hamburger-menu-white.png","type":"image\/png"}],"twitter_card":"summary_large_image","twitter_misc":{"Gesch\u00e4tzte Lesezeit":"1\u00a0Minute"},"schema":{"@context":"https:\/\/schema.org","@graph":[{"@type":"WebPage","@id":"https:\/\/www.wavesofoneness.com\/work-with-franziska\/yoga-classes-courses\/","url":"https:\/\/www.wavesofoneness.com\/work-with-franziska\/yoga-classes-courses\/","name":"Yogaunterricht &amp; Kurse - Waves of Oneness | Franziska Guentensperger","isPartOf":{"@id":"https:\/\/www.wavesofoneness.com\/#website"},"primaryImageOfPage":{"@id":"https:\/\/www.wavesofoneness.com\/work-with-franziska\/yoga-classes-courses\/#primaryimage"},"image":{"@id":"https:\/\/www.wavesofoneness.com\/work-with-franziska\/yoga-classes-courses\/#primaryimage"},"thumbnailUrl":"https:\/\/www.wavesofoneness.com\/wp-content\/uploads\/2021\/09\/hamburger-menu-white.png","datePublished":"2024-06-05T00:19:41+00:00","dateModified":"2026-03-09T18:58:22+00:00","breadcrumb":{"@id":"https:\/\/www.wavesofoneness.com\/work-with-franziska\/yoga-classes-courses\/#breadcrumb"},"inLanguage":"de","potentialAction":[{"@type":"ReadAction","target":["https:\/\/www.wavesofoneness.com\/work-with-franziska\/yoga-classes-courses\/"]}]},{"@type":"ImageObject","inLanguage":"de","@id":"https:\/\/www.wavesofoneness.com\/work-with-franziska\/yoga-classes-courses\/#primaryimage","url":"https:\/\/www.wavesofoneness.com\/wp-content\/uploads\/2021\/09\/hamburger-menu-white.png","contentUrl":"https:\/\/www.wavesofoneness.com\/wp-content\/uploads\/2021\/09\/hamburger-menu-white.png"},{"@type":"BreadcrumbList","@id":"https:\/\/www.wavesofoneness.com\/work-with-franziska\/yoga-classes-courses\/#breadcrumb","itemListElement":[{"@type":"ListItem","position":1,"name":"Home","item":"https:\/\/www.wavesofoneness.com\/"},{"@type":"ListItem","position":2,"name":"Work with Franziska","item":"https:\/\/www.wavesofoneness.com\/work-with-franziska\/"},{"@type":"ListItem","position":3,"name":"Yoga Classes &amp; Courses"}]},{"@type":"WebSite","@id":"https:\/\/www.wavesofoneness.com\/#website","url":"https:\/\/www.wavesofoneness.com\/","name":"Wellen des Einsseins | Franziska Guentensperger","description":"Bef\u00e4higen. Heilen. Vereinigen.","publisher":{"@id":"https:\/\/www.wavesofoneness.com\/#organization"},"potentialAction":[{"@type":"SearchAction","target":{"@type":"EntryPoint","urlTemplate":"https:\/\/www.wavesofoneness.com\/?s={search_term_string}"},"query-input":{"@type":"PropertyValueSpecification","valueRequired":true,"valueName":"search_term_string"}}],"inLanguage":"de"},{"@type":"Organization","@id":"https:\/\/www.wavesofoneness.com\/#organization","name":"Waves of Oneness","url":"https:\/\/www.wavesofoneness.com\/","logo":{"@type":"ImageObject","inLanguage":"de","@id":"https:\/\/www.wavesofoneness.com\/#\/schema\/logo\/image\/","url":"https:\/\/www.wavesofoneness.com\/wp-content\/uploads\/2021\/10\/wow-logo-icon-iridescent.png","contentUrl":"https:\/\/www.wavesofoneness.com\/wp-content\/uploads\/2021\/10\/wow-logo-icon-iridescent.png","width":300,"height":322,"caption":"Waves of Oneness"},"image":{"@id":"https:\/\/www.wavesofoneness.com\/#\/schema\/logo\/image\/"},"sameAs":["https:\/\/www.facebook.com\/wavesofoneness","https:\/\/www.instagram.com\/waves_of_oneness\/","https:\/\/www.youtube.com\/channel\/UC7fjPn_gM4l7V4-gZ-Y-vtw?view_as=public"]}]}},"_links":{"self":[{"href":"https:\/\/www.wavesofoneness.com\/de\/wp-json\/wp\/v2\/pages\/19086","targetHints":{"allow":["GET"]}}],"collection":[{"href":"https:\/\/www.wavesofoneness.com\/de\/wp-json\/wp\/v2\/pages"}],"about":[{"href":"https:\/\/www.wavesofoneness.com\/de\/wp-json\/wp\/v2\/types\/page"}],"author":[{"embeddable":true,"href":"https:\/\/www.wavesofoneness.com\/de\/wp-json\/wp\/v2\/users\/2"}],"replies":[{"embeddable":true,"href":"https:\/\/www.wavesofoneness.com\/de\/wp-json\/wp\/v2\/comments?post=19086"}],"version-history":[{"count":13,"href":"https:\/\/www.wavesofoneness.com\/de\/wp-json\/wp\/v2\/pages\/19086\/revisions"}],"predecessor-version":[{"id":21200,"href":"https:\/\/www.wavesofoneness.com\/de\/wp-json\/wp\/v2\/pages\/19086\/revisions\/21200"}],"up":[{"embeddable":true,"href":"https:\/\/www.wavesofoneness.com\/de\/wp-json\/wp\/v2\/pages\/19058"}],"wp:attachment":[{"href":"https:\/\/www.wavesofoneness.com\/de\/wp-json\/wp\/v2\/media?parent=19086"}],"curies":[{"name":"wp","href":"https:\/\/api.w.org\/{rel}","templated":true}]}}