{"id":19081,"date":"2024-06-05T02:17:46","date_gmt":"2024-06-05T00:17:46","guid":{"rendered":"https:\/\/www.wavesofoneness.com\/?page_id=19081"},"modified":"2024-08-07T16:12:13","modified_gmt":"2024-08-07T14:12:13","slug":"herzensbrecher-mentorschaft","status":"publish","type":"page","link":"https:\/\/www.wavesofoneness.com\/de\/work-with-franziska\/heart-awakening-mentorship\/","title":{"rendered":"Herzenserweckende Mentorschaft"},"content":{"rendered":"<div data-elementor-type=\"wp-page\" data-elementor-id=\"19081\" class=\"elementor elementor-19081\" data-elementor-post-type=\"page\">\n\t\t\t\t\t\t<section class=\"elementor-section elementor-top-section elementor-element elementor-element-ea302eb elementor-section-full_width elementor-section-height-default elementor-section-height-default\" data-id=\"ea302eb\" data-element_type=\"section\" data-e-type=\"section\" data-settings=\"{&quot;background_background&quot;:&quot;classic&quot;}\">\n\t\t\t\t\t\t<div class=\"elementor-container elementor-column-gap-default\">\n\t\t\t\t\t<div class=\"elementor-column elementor-col-100 elementor-top-column elementor-element elementor-element-4d7e7f3\" data-id=\"4d7e7f3\" data-element_type=\"column\" data-e-type=\"column\">\n\t\t\t<div class=\"elementor-widget-wrap elementor-element-populated\">\n\t\t\t\t\t\t<section class=\"elementor-section elementor-inner-section elementor-element elementor-element-dea3c6f elementor-section-full_width elementor-section-height-default elementor-section-height-default\" data-id=\"dea3c6f\" data-element_type=\"section\" data-e-type=\"section\">\n\t\t\t\t\t\t<div class=\"elementor-container elementor-column-gap-default\">\n\t\t\t\t\t<div class=\"elementor-column elementor-col-50 elementor-inner-column elementor-element elementor-element-1f56a11\" data-id=\"1f56a11\" data-element_type=\"column\" data-e-type=\"column\">\n\t\t\t<div class=\"elementor-widget-wrap elementor-element-populated\">\n\t\t\t\t\t\t<div class=\"elementor-element elementor-element-4ffdc31 elementor-widget elementor-widget-heading\" data-id=\"4ffdc31\" data-element_type=\"widget\" data-e-type=\"widget\" data-widget_type=\"heading.default\">\n\t\t\t\t<div class=\"elementor-widget-container\">\n\t\t\t\t\t<h2 class=\"elementor-heading-title elementor-size-default\"><a href=\"https:\/\/www.wavesofoneness.com\/de\/\">Waves of Oneness<\/a><\/h2>\t\t\t\t<\/div>\n\t\t\t\t<\/div>\n\t\t\t\t\t<\/div>\n\t\t<\/div>\n\t\t\t\t<div class=\"elementor-column elementor-col-50 elementor-inner-column elementor-element elementor-element-ae53b7f\" data-id=\"ae53b7f\" data-element_type=\"column\" data-e-type=\"column\">\n\t\t\t<div class=\"elementor-widget-wrap elementor-element-populated\">\n\t\t\t\t\t\t<div class=\"elementor-element elementor-element-e48b4c0 elementor-widget elementor-widget-image\" data-id=\"e48b4c0\" data-element_type=\"widget\" data-e-type=\"widget\" data-widget_type=\"image.default\">\n\t\t\t\t<div class=\"elementor-widget-container\">\n\t\t\t\t\t\t\t\t\t\t\t\t\t\t\t\t<a href=\"#elementor-action%3Aaction%3Dpopup%3Aopen%26settings%3DeyJpZCI6IjgwIiwidG9nZ2xlIjpmYWxzZX0%3D\">\n\t\t\t\t\t\t\t<img decoding=\"async\" width=\"48\" height=\"29\" src=\"https:\/\/www.wavesofoneness.com\/wp-content\/uploads\/2021\/09\/hamburger-menu-white.png\" class=\"attachment-large size-large wp-image-47\" alt=\"\" \/>\t\t\t\t\t\t\t\t<\/a>\n\t\t\t\t\t\t\t\t\t\t\t\t\t\t\t<\/div>\n\t\t\t\t<\/div>\n\t\t\t\t\t<\/div>\n\t\t<\/div>\n\t\t\t\t\t<\/div>\n\t\t<\/section>\n\t\t\t\t<div class=\"elementor-element elementor-element-51126a3 elementor-widget elementor-widget-spacer\" data-id=\"51126a3\" data-element_type=\"widget\" data-e-type=\"widget\" data-widget_type=\"spacer.default\">\n\t\t\t\t<div class=\"elementor-widget-container\">\n\t\t\t\t\t\t\t<div class=\"elementor-spacer\">\n\t\t\t<div class=\"elementor-spacer-inner\"><\/div>\n\t\t<\/div>\n\t\t\t\t\t\t<\/div>\n\t\t\t\t<\/div>\n\t\t\t\t<div class=\"elementor-element elementor-element-81ff746 elementor-widget elementor-widget-heading\" data-id=\"81ff746\" data-element_type=\"widget\" data-e-type=\"widget\" data-widget_type=\"heading.default\">\n\t\t\t\t<div class=\"elementor-widget-container\">\n\t\t\t\t\t<h2 class=\"elementor-heading-title elementor-size-default\">Herzensweg-Mentorship<\/h2>\t\t\t\t<\/div>\n\t\t\t\t<\/div>\n\t\t\t\t<div class=\"elementor-element elementor-element-ad5e26f elementor-widget__width-inherit elementor-widget elementor-widget-premium-addon-image-button\" data-id=\"ad5e26f\" data-element_type=\"widget\" data-e-type=\"widget\" data-widget_type=\"premium-addon-image-button.default\">\n\t\t\t\t<div class=\"elementor-widget-container\">\n\t\t\t\t\t\n\t\t<a class=\"premium-image-button-none premium-image-button premium-btn-lg premium-image-button-none\" href=\"#booking\">\n\t\t\t<div class=\"premium-image-button-text-icon-wrapper\">\n\n\t\t\t\t\n\t\t\t\t\t\t\t\t\t<span >\n\t\t\t\t\t\tSetze dich auf die Warteliste\t\t\t\t\t<\/span>\n\t\t\t\t\n\t\t\t<\/div>\n\n\t\t\t\n\t\t\t\n\t\t\t\n\t\t<\/a>\n\n\t\t\t\t\t\t<\/div>\n\t\t\t\t<\/div>\n\t\t\t\t<div class=\"elementor-element elementor-element-0358225 elementor-widget elementor-widget-spacer\" data-id=\"0358225\" data-element_type=\"widget\" data-e-type=\"widget\" data-widget_type=\"spacer.default\">\n\t\t\t\t<div class=\"elementor-widget-container\">\n\t\t\t\t\t\t\t<div class=\"elementor-spacer\">\n\t\t\t<div class=\"elementor-spacer-inner\"><\/div>\n\t\t<\/div>\n\t\t\t\t\t\t<\/div>\n\t\t\t\t<\/div>\n\t\t\t\t\t<\/div>\n\t\t<\/div>\n\t\t\t\t\t<\/div>\n\t\t<\/section>\n\t\t\t\t<section class=\"elementor-section elementor-top-section elementor-element elementor-element-155f654 elementor-section-boxed elementor-section-height-default elementor-section-height-default\" data-id=\"155f654\" data-element_type=\"section\" data-e-type=\"section\" data-settings=\"{&quot;background_background&quot;:&quot;gradient&quot;}\">\n\t\t\t\t\t\t<div class=\"elementor-container elementor-column-gap-default\">\n\t\t\t\t\t<div class=\"elementor-column elementor-col-100 elementor-top-column elementor-element elementor-element-eb8eff9\" data-id=\"eb8eff9\" data-element_type=\"column\" data-e-type=\"column\">\n\t\t\t<div class=\"elementor-widget-wrap elementor-element-populated\">\n\t\t\t\t\t\t<div class=\"elementor-element elementor-element-f85cea0 elementor-widget elementor-widget-text-editor\" data-id=\"f85cea0\" data-element_type=\"widget\" data-e-type=\"widget\" data-widget_type=\"text-editor.default\">\n\t\t\t\t<div class=\"elementor-widget-container\">\n\t\t\t\t\t\t\t\t\t<p style=\"font-size: 17.6px; text-align: center;\"><span style=\"font-weight: bolder;\"><em>\"Es ist unm\u00f6glich\", sagt der Stolz. \"Es ist riskant\", sagt die Erfahrung. \"Es ist sinnlos\", sagt die Vernunft. \"Versuch es\", sagt das Herz.<\/em><\/span><\/p><p style=\"font-size: 17.6px;\">Willkommen zu einer tiefgreifenden und unterst\u00fctzenden tranformativen Reise, die sich \u00fcber mehrere Monate erstreckt. W\u00e4hrend dieses Prozesses wirst du dich auf einen kraftvollen Zyklus der Heilung, Transformation und St\u00e4rkung begeben. Franziska ist deine private Mentorin, und du wirst zugleich von einer kleinen, intimen Gruppe von Mitreisenden unterst\u00fctzt.<\/p><p style=\"font-size: 17.6px;\">Dieses Programm wurde sorgf\u00e4ltig entwickelt, um dich dabei zu unterst\u00fctzen, deinen Herzensweg und dein authentisches Selbst zur\u00fcckzugewinnen und zu verk\u00f6rpern. Du wirst dabei unterst\u00fctzt, deine intuitive Natur und Einzigartigkeit zu verstehen und anzunehmen. Es ist eine Reise welche dich nach Hause f\u00fchrt- zu dir selbst und in dein Herz. Du wirst intuitiv gef\u00fchrt um in deine Kraft zu kommen, dich an deine Wahrheit zu erinnern und deine Tr\u00e4ume und Visionen aus dem Herzen heraus in jedem Aspekt deines Lebens zu manifestieren. Die tiefgreifende Arbeit mit Franziska wird dich dabei unterst\u00fctzen, limitierende Glaubenss\u00e4tze, Programme, Muster und Traumata loszulassen und den Weg f\u00fcr ein herzzentriertes Leben voller Klarheit, Freude, F\u00fclle, Freiheit und Harmonie zu ebnen.<\/p><p style=\"font-size: 17.6px;\">\u00dcber mehrere Monate hinweg erh\u00e4ltst du umfassende Unterst\u00fctzung und Anleitung f\u00fcr deine pers\u00f6nliche Transformation und dein Wachstum. Du wirst ermutigt, konkrete Schritte zu unternehmen, um deine Vision und dein Ziel zu verwirklichen und dein volles Potenzial zu leben. W\u00e4hrend dieser Reise wirst du in enger Zusammenarbeit mit Franziska verschiedene Techniken erlernen und Kenntnisse erwerben, die dich auf deinem Weg unterst\u00fctzen.<\/p><p style=\"font-size: 17.6px;\">In diesem Programm wirst du wieder zu einem liebevollen, kraftvollen, authentischen und freudvollen Leben zur\u00fcckfinden. Du wirst die Visionen und Projekte deines Herzens in die Tat umsetzen und dabei deine eigene Weisheit, Sch\u00f6nheit und einzigartigen Gaben erkennen und annehmen.<\/p><p style=\"font-size: 17.6px;\">Franziska hat nur begrenzte Pl\u00e4tze f\u00fcr eine pers\u00f6nlichen Mentorship zur Verf\u00fcgung.<\/p><p style=\"font-size: 17.6px;\">Bist du bereit, dich auf diese transformative Reise einzulassen? Dann trage dich in die Warteliste ein, um bald mehr Informationen zu erhalten.<\/p>\t\t\t\t\t\t\t\t<\/div>\n\t\t\t\t<\/div>\n\t\t\t\t<div class=\"elementor-element elementor-element-b226b94 elementor-widget-divider--view-line elementor-widget elementor-widget-divider\" data-id=\"b226b94\" data-element_type=\"widget\" data-e-type=\"widget\" data-widget_type=\"divider.default\">\n\t\t\t\t<div class=\"elementor-widget-container\">\n\t\t\t\t\t\t\t<div class=\"elementor-divider\">\n\t\t\t<span class=\"elementor-divider-separator\">\n\t\t\t\t\t\t<\/span>\n\t\t<\/div>\n\t\t\t\t\t\t<\/div>\n\t\t\t\t<\/div>\n\t\t\t\t<div class=\"elementor-element elementor-element-5b4b5c2 elementor-widget elementor-widget-heading\" data-id=\"5b4b5c2\" data-element_type=\"widget\" data-e-type=\"widget\" data-widget_type=\"heading.default\">\n\t\t\t\t<div class=\"elementor-widget-container\">\n\t\t\t\t\t<h2 class=\"elementor-heading-title elementor-size-default\">Auf der Warteliste anmelden<\/h2>\t\t\t\t<\/div>\n\t\t\t\t<\/div>\n\t\t\t\t<div class=\"elementor-element elementor-element-443ec55 elementor-widget elementor-widget-html\" data-id=\"443ec55\" data-element_type=\"widget\" data-e-type=\"widget\" data-widget_type=\"html.default\">\n\t\t\t\t<div class=\"elementor-widget-container\">\n\t\t\t\t\t\n\n\n<div id=\"fd-form-6505e114fc16f4eda4727598\"><\/div>\n<script>\n  window.fd('form', {\n    formId: '6505e114fc16f4eda4727598',\n    containerEl: '#fd-form-6505e114fc16f4eda4727598'\n  });\n<\/script>\n\t\t\t\t<\/div>\n\t\t\t\t<\/div>\n\t\t\t\t<div class=\"elementor-element elementor-element-3051445 elementor-widget-divider--view-line elementor-widget elementor-widget-divider\" data-id=\"3051445\" data-element_type=\"widget\" data-e-type=\"widget\" data-widget_type=\"divider.default\">\n\t\t\t\t<div class=\"elementor-widget-container\">\n\t\t\t\t\t\t\t<div class=\"elementor-divider\">\n\t\t\t<span class=\"elementor-divider-separator\">\n\t\t\t\t\t\t<\/span>\n\t\t<\/div>\n\t\t\t\t\t\t<\/div>\n\t\t\t\t<\/div>\n\t\t\t\t<div class=\"elementor-element elementor-element-41ff1a6 elementor-widget__width-inherit elementor-widget elementor-widget-premium-addon-image-button\" data-id=\"41ff1a6\" data-element_type=\"widget\" data-e-type=\"widget\" data-widget_type=\"premium-addon-image-button.default\">\n\t\t\t\t<div class=\"elementor-widget-container\">\n\t\t\t\t\t\n\t\t<a class=\"premium-image-button-none premium-image-button premium-btn-lg premium-image-button-none\" href=\"https:\/\/www.wavesofoneness.com\/de\/arbeit-mit-franziska\/\">\n\t\t\t<div class=\"premium-image-button-text-icon-wrapper\">\n\n\t\t\t\t\n\t\t\t\t\t\t\t\t\t<span >\n\t\t\t\t\t\tWeitere Dienstleistungen\t\t\t\t\t<\/span>\n\t\t\t\t\n\t\t\t<\/div>\n\n\t\t\t\n\t\t\t\n\t\t\t\n\t\t<\/a>\n\n\t\t\t\t\t\t<\/div>\n\t\t\t\t<\/div>\n\t\t\t\t\t<\/div>\n\t\t<\/div>\n\t\t\t\t\t<\/div>\n\t\t<\/section>\n\t\t\t\t<\/div>","protected":false},"excerpt":{"rendered":"<p>Waves of Oneness Heart-Awakening Mentorship Join the Waitlist &#8220;It&#8217;s impossible,&#8221; says pride. &#8220;It&#8217;s risky,&#8221; says experience. &#8220;It&#8217;s pointless&#8221;, says reason. &#8220;Try it&#8221;, says the heart&#8221;. Welcome to a profound and fully supportive journey that spans several transformative months. Throughout this process, you&#8217;ll embark on a powerful cycle of healing, transformation, and empowerment. Franziska will be [&hellip;]<\/p>\n","protected":false},"author":2,"featured_media":0,"parent":19058,"menu_order":0,"comment_status":"closed","ping_status":"closed","template":"","meta":{"footnotes":""},"class_list":["post-19081","page","type-page","status-publish","hentry"],"yoast_head":"<!-- This site is optimized with the Yoast SEO plugin v27.4 - https:\/\/yoast.com\/product\/yoast-seo-wordpress\/ -->\n<title>Heart-Awakening Mentorship\u200b - Waves of Oneness | Franziska Guentensperger<\/title>\n<meta name=\"robots\" content=\"index, follow, max-snippet:-1, max-image-preview:large, max-video-preview:-1\" \/>\n<link rel=\"canonical\" href=\"https:\/\/www.wavesofoneness.com\/de\/arbeit-mit-franziska\/herzensbrecher-mentorschaft\/\" \/>\n<meta property=\"og:locale\" content=\"de_DE\" \/>\n<meta property=\"og:type\" content=\"article\" \/>\n<meta property=\"og:title\" content=\"Heart-Awakening Mentorship\u200b - Waves of Oneness | Franziska Guentensperger\" \/>\n<meta property=\"og:description\" content=\"Waves of Oneness Heart-Awakening Mentorship Join the Waitlist &#8220;It&#8217;s impossible,&#8221; says pride. &#8220;It&#8217;s risky,&#8221; says experience. &#8220;It&#8217;s pointless&#8221;, says reason. &#8220;Try it&#8221;, says the heart&#8221;. Welcome to a profound and fully supportive journey that spans several transformative months. Throughout this process, you&#8217;ll embark on a powerful cycle of healing, transformation, and empowerment. Franziska will be [&hellip;]\" \/>\n<meta property=\"og:url\" content=\"https:\/\/www.wavesofoneness.com\/de\/arbeit-mit-franziska\/herzensbrecher-mentorschaft\/\" \/>\n<meta property=\"og:site_name\" content=\"Waves of Oneness | Franziska Guentensperger\" \/>\n<meta property=\"article:publisher\" content=\"https:\/\/www.facebook.com\/wavesofoneness\" \/>\n<meta property=\"article:modified_time\" content=\"2024-08-07T14:12:13+00:00\" \/>\n<meta property=\"og:image\" content=\"https:\/\/www.wavesofoneness.com\/wp-content\/uploads\/2021\/09\/hamburger-menu-white.png\" \/>\n<meta name=\"twitter:card\" content=\"summary_large_image\" \/>\n<meta name=\"twitter:label1\" content=\"Gesch\u00e4tzte Lesezeit\" \/>\n\t<meta name=\"twitter:data1\" content=\"3\u00a0Minuten\" \/>\n<script type=\"application\/ld+json\" class=\"yoast-schema-graph\">{\"@context\":\"https:\\\/\\\/schema.org\",\"@graph\":[{\"@type\":\"WebPage\",\"@id\":\"https:\\\/\\\/www.wavesofoneness.com\\\/work-with-franziska\\\/heart-awakening-mentorship\\\/\",\"url\":\"https:\\\/\\\/www.wavesofoneness.com\\\/work-with-franziska\\\/heart-awakening-mentorship\\\/\",\"name\":\"Heart-Awakening Mentorship\u200b - Waves of Oneness | Franziska Guentensperger\",\"isPartOf\":{\"@id\":\"https:\\\/\\\/www.wavesofoneness.com\\\/#website\"},\"primaryImageOfPage\":{\"@id\":\"https:\\\/\\\/www.wavesofoneness.com\\\/work-with-franziska\\\/heart-awakening-mentorship\\\/#primaryimage\"},\"image\":{\"@id\":\"https:\\\/\\\/www.wavesofoneness.com\\\/work-with-franziska\\\/heart-awakening-mentorship\\\/#primaryimage\"},\"thumbnailUrl\":\"https:\\\/\\\/www.wavesofoneness.com\\\/wp-content\\\/uploads\\\/2021\\\/09\\\/hamburger-menu-white.png\",\"datePublished\":\"2024-06-05T00:17:46+00:00\",\"dateModified\":\"2024-08-07T14:12:13+00:00\",\"breadcrumb\":{\"@id\":\"https:\\\/\\\/www.wavesofoneness.com\\\/work-with-franziska\\\/heart-awakening-mentorship\\\/#breadcrumb\"},\"inLanguage\":\"de\",\"potentialAction\":[{\"@type\":\"ReadAction\",\"target\":[\"https:\\\/\\\/www.wavesofoneness.com\\\/work-with-franziska\\\/heart-awakening-mentorship\\\/\"]}]},{\"@type\":\"ImageObject\",\"inLanguage\":\"de\",\"@id\":\"https:\\\/\\\/www.wavesofoneness.com\\\/work-with-franziska\\\/heart-awakening-mentorship\\\/#primaryimage\",\"url\":\"https:\\\/\\\/www.wavesofoneness.com\\\/wp-content\\\/uploads\\\/2021\\\/09\\\/hamburger-menu-white.png\",\"contentUrl\":\"https:\\\/\\\/www.wavesofoneness.com\\\/wp-content\\\/uploads\\\/2021\\\/09\\\/hamburger-menu-white.png\"},{\"@type\":\"BreadcrumbList\",\"@id\":\"https:\\\/\\\/www.wavesofoneness.com\\\/work-with-franziska\\\/heart-awakening-mentorship\\\/#breadcrumb\",\"itemListElement\":[{\"@type\":\"ListItem\",\"position\":1,\"name\":\"Home\",\"item\":\"https:\\\/\\\/www.wavesofoneness.com\\\/\"},{\"@type\":\"ListItem\",\"position\":2,\"name\":\"Work with Franziska\",\"item\":\"https:\\\/\\\/www.wavesofoneness.com\\\/work-with-franziska\\\/\"},{\"@type\":\"ListItem\",\"position\":3,\"name\":\"Heart-Awakening Mentorship\u200b\"}]},{\"@type\":\"WebSite\",\"@id\":\"https:\\\/\\\/www.wavesofoneness.com\\\/#website\",\"url\":\"https:\\\/\\\/www.wavesofoneness.com\\\/\",\"name\":\"Waves of Oneness | Franziska Guentensperger\",\"description\":\"Empower. Heal. Unite.\",\"publisher\":{\"@id\":\"https:\\\/\\\/www.wavesofoneness.com\\\/#organization\"},\"potentialAction\":[{\"@type\":\"SearchAction\",\"target\":{\"@type\":\"EntryPoint\",\"urlTemplate\":\"https:\\\/\\\/www.wavesofoneness.com\\\/?s={search_term_string}\"},\"query-input\":{\"@type\":\"PropertyValueSpecification\",\"valueRequired\":true,\"valueName\":\"search_term_string\"}}],\"inLanguage\":\"de\"},{\"@type\":\"Organization\",\"@id\":\"https:\\\/\\\/www.wavesofoneness.com\\\/#organization\",\"name\":\"Waves of Oneness\",\"url\":\"https:\\\/\\\/www.wavesofoneness.com\\\/\",\"logo\":{\"@type\":\"ImageObject\",\"inLanguage\":\"de\",\"@id\":\"https:\\\/\\\/www.wavesofoneness.com\\\/#\\\/schema\\\/logo\\\/image\\\/\",\"url\":\"https:\\\/\\\/www.wavesofoneness.com\\\/wp-content\\\/uploads\\\/2021\\\/10\\\/wow-logo-icon-iridescent.png\",\"contentUrl\":\"https:\\\/\\\/www.wavesofoneness.com\\\/wp-content\\\/uploads\\\/2021\\\/10\\\/wow-logo-icon-iridescent.png\",\"width\":300,\"height\":322,\"caption\":\"Waves of Oneness\"},\"image\":{\"@id\":\"https:\\\/\\\/www.wavesofoneness.com\\\/#\\\/schema\\\/logo\\\/image\\\/\"},\"sameAs\":[\"https:\\\/\\\/www.facebook.com\\\/wavesofoneness\",\"https:\\\/\\\/www.instagram.com\\\/waves_of_oneness\\\/\",\"https:\\\/\\\/www.youtube.com\\\/channel\\\/UC7fjPn_gM4l7V4-gZ-Y-vtw?view_as=public\"]}]}<\/script>\n<!-- \/ Yoast SEO plugin. -->","yoast_head_json":{"title":"Herzenserweckende Mentorschaft - Wellen des Einsseins | Franziska Guentensperger","robots":{"index":"index","follow":"follow","max-snippet":"max-snippet:-1","max-image-preview":"max-image-preview:large","max-video-preview":"max-video-preview:-1"},"canonical":"https:\/\/www.wavesofoneness.com\/de\/arbeit-mit-franziska\/herzensbrecher-mentorschaft\/","og_locale":"de_DE","og_type":"article","og_title":"Heart-Awakening Mentorship\u200b - Waves of Oneness | Franziska Guentensperger","og_description":"Waves of Oneness Heart-Awakening Mentorship Join the Waitlist &#8220;It&#8217;s impossible,&#8221; says pride. &#8220;It&#8217;s risky,&#8221; says experience. &#8220;It&#8217;s pointless&#8221;, says reason. &#8220;Try it&#8221;, says the heart&#8221;. Welcome to a profound and fully supportive journey that spans several transformative months. Throughout this process, you&#8217;ll embark on a powerful cycle of healing, transformation, and empowerment. Franziska will be [&hellip;]","og_url":"https:\/\/www.wavesofoneness.com\/de\/arbeit-mit-franziska\/herzensbrecher-mentorschaft\/","og_site_name":"Waves of Oneness | Franziska Guentensperger","article_publisher":"https:\/\/www.facebook.com\/wavesofoneness","article_modified_time":"2024-08-07T14:12:13+00:00","og_image":[{"url":"https:\/\/www.wavesofoneness.com\/wp-content\/uploads\/2021\/09\/hamburger-menu-white.png","type":"","width":"","height":""}],"twitter_card":"summary_large_image","twitter_misc":{"Gesch\u00e4tzte Lesezeit":"3\u00a0Minuten"},"schema":{"@context":"https:\/\/schema.org","@graph":[{"@type":"WebPage","@id":"https:\/\/www.wavesofoneness.com\/work-with-franziska\/heart-awakening-mentorship\/","url":"https:\/\/www.wavesofoneness.com\/work-with-franziska\/heart-awakening-mentorship\/","name":"Herzenserweckende Mentorschaft - Wellen des Einsseins | Franziska Guentensperger","isPartOf":{"@id":"https:\/\/www.wavesofoneness.com\/#website"},"primaryImageOfPage":{"@id":"https:\/\/www.wavesofoneness.com\/work-with-franziska\/heart-awakening-mentorship\/#primaryimage"},"image":{"@id":"https:\/\/www.wavesofoneness.com\/work-with-franziska\/heart-awakening-mentorship\/#primaryimage"},"thumbnailUrl":"https:\/\/www.wavesofoneness.com\/wp-content\/uploads\/2021\/09\/hamburger-menu-white.png","datePublished":"2024-06-05T00:17:46+00:00","dateModified":"2024-08-07T14:12:13+00:00","breadcrumb":{"@id":"https:\/\/www.wavesofoneness.com\/work-with-franziska\/heart-awakening-mentorship\/#breadcrumb"},"inLanguage":"de","potentialAction":[{"@type":"ReadAction","target":["https:\/\/www.wavesofoneness.com\/work-with-franziska\/heart-awakening-mentorship\/"]}]},{"@type":"ImageObject","inLanguage":"de","@id":"https:\/\/www.wavesofoneness.com\/work-with-franziska\/heart-awakening-mentorship\/#primaryimage","url":"https:\/\/www.wavesofoneness.com\/wp-content\/uploads\/2021\/09\/hamburger-menu-white.png","contentUrl":"https:\/\/www.wavesofoneness.com\/wp-content\/uploads\/2021\/09\/hamburger-menu-white.png"},{"@type":"BreadcrumbList","@id":"https:\/\/www.wavesofoneness.com\/work-with-franziska\/heart-awakening-mentorship\/#breadcrumb","itemListElement":[{"@type":"ListItem","position":1,"name":"Home","item":"https:\/\/www.wavesofoneness.com\/"},{"@type":"ListItem","position":2,"name":"Work with Franziska","item":"https:\/\/www.wavesofoneness.com\/work-with-franziska\/"},{"@type":"ListItem","position":3,"name":"Heart-Awakening Mentorship\u200b"}]},{"@type":"WebSite","@id":"https:\/\/www.wavesofoneness.com\/#website","url":"https:\/\/www.wavesofoneness.com\/","name":"Wellen des Einsseins | Franziska Guentensperger","description":"Bef\u00e4higen. Heilen. Vereinigen.","publisher":{"@id":"https:\/\/www.wavesofoneness.com\/#organization"},"potentialAction":[{"@type":"SearchAction","target":{"@type":"EntryPoint","urlTemplate":"https:\/\/www.wavesofoneness.com\/?s={search_term_string}"},"query-input":{"@type":"PropertyValueSpecification","valueRequired":true,"valueName":"search_term_string"}}],"inLanguage":"de"},{"@type":"Organization","@id":"https:\/\/www.wavesofoneness.com\/#organization","name":"Waves of Oneness","url":"https:\/\/www.wavesofoneness.com\/","logo":{"@type":"ImageObject","inLanguage":"de","@id":"https:\/\/www.wavesofoneness.com\/#\/schema\/logo\/image\/","url":"https:\/\/www.wavesofoneness.com\/wp-content\/uploads\/2021\/10\/wow-logo-icon-iridescent.png","contentUrl":"https:\/\/www.wavesofoneness.com\/wp-content\/uploads\/2021\/10\/wow-logo-icon-iridescent.png","width":300,"height":322,"caption":"Waves of Oneness"},"image":{"@id":"https:\/\/www.wavesofoneness.com\/#\/schema\/logo\/image\/"},"sameAs":["https:\/\/www.facebook.com\/wavesofoneness","https:\/\/www.instagram.com\/waves_of_oneness\/","https:\/\/www.youtube.com\/channel\/UC7fjPn_gM4l7V4-gZ-Y-vtw?view_as=public"]}]}},"_links":{"self":[{"href":"https:\/\/www.wavesofoneness.com\/de\/wp-json\/wp\/v2\/pages\/19081","targetHints":{"allow":["GET"]}}],"collection":[{"href":"https:\/\/www.wavesofoneness.com\/de\/wp-json\/wp\/v2\/pages"}],"about":[{"href":"https:\/\/www.wavesofoneness.com\/de\/wp-json\/wp\/v2\/types\/page"}],"author":[{"embeddable":true,"href":"https:\/\/www.wavesofoneness.com\/de\/wp-json\/wp\/v2\/users\/2"}],"replies":[{"embeddable":true,"href":"https:\/\/www.wavesofoneness.com\/de\/wp-json\/wp\/v2\/comments?post=19081"}],"version-history":[{"count":10,"href":"https:\/\/www.wavesofoneness.com\/de\/wp-json\/wp\/v2\/pages\/19081\/revisions"}],"predecessor-version":[{"id":19529,"href":"https:\/\/www.wavesofoneness.com\/de\/wp-json\/wp\/v2\/pages\/19081\/revisions\/19529"}],"up":[{"embeddable":true,"href":"https:\/\/www.wavesofoneness.com\/de\/wp-json\/wp\/v2\/pages\/19058"}],"wp:attachment":[{"href":"https:\/\/www.wavesofoneness.com\/de\/wp-json\/wp\/v2\/media?parent=19081"}],"curies":[{"name":"wp","href":"https:\/\/api.w.org\/{rel}","templated":true}]}}