{"id":19076,"date":"2024-06-05T02:16:37","date_gmt":"2024-06-05T00:16:37","guid":{"rendered":"https:\/\/www.wavesofoneness.com\/?page_id=19076"},"modified":"2026-03-09T22:14:10","modified_gmt":"2026-03-09T21:14:10","slug":"herzzentrierte-energieheilung","status":"publish","type":"page","link":"https:\/\/www.wavesofoneness.com\/de\/work-with-franziska\/heart-centered-energy-healing\/","title":{"rendered":"Herzzentrierte Energieheilung"},"content":{"rendered":"<div data-elementor-type=\"wp-page\" data-elementor-id=\"19076\" class=\"elementor elementor-19076\" data-elementor-post-type=\"page\">\n\t\t\t\t\t\t<section class=\"elementor-section elementor-top-section elementor-element elementor-element-cd31fd7 elementor-section-full_width elementor-section-height-default elementor-section-height-default\" data-id=\"cd31fd7\" data-element_type=\"section\" data-e-type=\"section\" data-settings=\"{&quot;background_background&quot;:&quot;classic&quot;}\">\n\t\t\t\t\t\t\t<div class=\"elementor-background-overlay\"><\/div>\n\t\t\t\t\t\t\t<div class=\"elementor-container elementor-column-gap-default\">\n\t\t\t\t\t<div class=\"elementor-column elementor-col-100 elementor-top-column elementor-element elementor-element-11bfa34\" data-id=\"11bfa34\" data-element_type=\"column\" data-e-type=\"column\">\n\t\t\t<div class=\"elementor-widget-wrap elementor-element-populated\">\n\t\t\t\t\t\t<section class=\"elementor-section elementor-inner-section elementor-element elementor-element-6b9cf22 elementor-section-full_width elementor-section-height-default elementor-section-height-default\" data-id=\"6b9cf22\" data-element_type=\"section\" data-e-type=\"section\">\n\t\t\t\t\t\t<div class=\"elementor-container elementor-column-gap-default\">\n\t\t\t\t\t<div class=\"elementor-column elementor-col-50 elementor-inner-column elementor-element elementor-element-e0e24b5\" data-id=\"e0e24b5\" data-element_type=\"column\" data-e-type=\"column\">\n\t\t\t<div class=\"elementor-widget-wrap elementor-element-populated\">\n\t\t\t\t\t\t<div class=\"elementor-element elementor-element-1ae6f72 elementor-widget elementor-widget-heading\" data-id=\"1ae6f72\" data-element_type=\"widget\" data-e-type=\"widget\" data-widget_type=\"heading.default\">\n\t\t\t\t<div class=\"elementor-widget-container\">\n\t\t\t\t\t<h2 class=\"elementor-heading-title elementor-size-default\"><a href=\"https:\/\/www.wavesofoneness.com\/de\/\">Waves of Oneness<\/a><\/h2>\t\t\t\t<\/div>\n\t\t\t\t<\/div>\n\t\t\t\t\t<\/div>\n\t\t<\/div>\n\t\t\t\t<div class=\"elementor-column elementor-col-50 elementor-inner-column elementor-element elementor-element-e229ca3\" data-id=\"e229ca3\" data-element_type=\"column\" data-e-type=\"column\">\n\t\t\t<div class=\"elementor-widget-wrap elementor-element-populated\">\n\t\t\t\t\t\t<div class=\"elementor-element elementor-element-3c5d6b8 elementor-widget elementor-widget-image\" data-id=\"3c5d6b8\" data-element_type=\"widget\" data-e-type=\"widget\" data-widget_type=\"image.default\">\n\t\t\t\t<div class=\"elementor-widget-container\">\n\t\t\t\t\t\t\t\t\t\t\t\t\t\t\t\t<a href=\"#elementor-action%3Aaction%3Dpopup%3Aopen%26settings%3DeyJpZCI6IjgwIiwidG9nZ2xlIjpmYWxzZX0%3D\">\n\t\t\t\t\t\t\t<img decoding=\"async\" width=\"48\" height=\"29\" src=\"https:\/\/www.wavesofoneness.com\/wp-content\/uploads\/2021\/09\/hamburger-menu-white.png\" class=\"attachment-large size-large wp-image-47\" alt=\"\" \/>\t\t\t\t\t\t\t\t<\/a>\n\t\t\t\t\t\t\t\t\t\t\t\t\t\t\t<\/div>\n\t\t\t\t<\/div>\n\t\t\t\t\t<\/div>\n\t\t<\/div>\n\t\t\t\t\t<\/div>\n\t\t<\/section>\n\t\t\t\t<div class=\"elementor-element elementor-element-6700217 elementor-widget elementor-widget-spacer\" data-id=\"6700217\" data-element_type=\"widget\" data-e-type=\"widget\" data-widget_type=\"spacer.default\">\n\t\t\t\t<div class=\"elementor-widget-container\">\n\t\t\t\t\t\t\t<div class=\"elementor-spacer\">\n\t\t\t<div class=\"elementor-spacer-inner\"><\/div>\n\t\t<\/div>\n\t\t\t\t\t\t<\/div>\n\t\t\t\t<\/div>\n\t\t\t\t<div class=\"elementor-element elementor-element-e029f57 elementor-widget elementor-widget-heading\" data-id=\"e029f57\" data-element_type=\"widget\" data-e-type=\"widget\" data-widget_type=\"heading.default\">\n\t\t\t\t<div class=\"elementor-widget-container\">\n\t\t\t\t\t<h2 class=\"elementor-heading-title elementor-size-default\">Herzensweg Energieheilung<\/h2>\t\t\t\t<\/div>\n\t\t\t\t<\/div>\n\t\t\t\t<div class=\"elementor-element elementor-element-b77ca95 elementor-widget elementor-widget-spacer\" data-id=\"b77ca95\" data-element_type=\"widget\" data-e-type=\"widget\" data-widget_type=\"spacer.default\">\n\t\t\t\t<div class=\"elementor-widget-container\">\n\t\t\t\t\t\t\t<div class=\"elementor-spacer\">\n\t\t\t<div class=\"elementor-spacer-inner\"><\/div>\n\t\t<\/div>\n\t\t\t\t\t\t<\/div>\n\t\t\t\t<\/div>\n\t\t\t\t\t<\/div>\n\t\t<\/div>\n\t\t\t\t\t<\/div>\n\t\t<\/section>\n\t\t\t\t<section class=\"elementor-section elementor-top-section elementor-element elementor-element-475a7f4 elementor-section-boxed elementor-section-height-default elementor-section-height-default\" data-id=\"475a7f4\" data-element_type=\"section\" data-e-type=\"section\" data-settings=\"{&quot;background_background&quot;:&quot;gradient&quot;}\">\n\t\t\t\t\t\t<div class=\"elementor-container elementor-column-gap-default\">\n\t\t\t\t\t<div class=\"elementor-column elementor-col-100 elementor-top-column elementor-element elementor-element-c3ccde3\" data-id=\"c3ccde3\" data-element_type=\"column\" data-e-type=\"column\">\n\t\t\t<div class=\"elementor-widget-wrap elementor-element-populated\">\n\t\t\t\t\t\t<div class=\"elementor-element elementor-element-d7fd92a elementor-widget elementor-widget-text-editor\" data-id=\"d7fd92a\" data-element_type=\"widget\" data-e-type=\"widget\" data-widget_type=\"text-editor.default\">\n\t\t\t\t<div class=\"elementor-widget-container\">\n\t\t\t\t\t\t\t\t\t<p data-start=\"207\" data-end=\"605\">Energieheilung ist ein ganzheitlicher Ansatz, der die nat\u00fcrliche F\u00e4higkeit des K\u00f6rpers unterst\u00fctzt, Gleichgewicht und Wohlbefinden wiederzufinden. Diese Sitzung wirkt auf subtile und zugleich kraftvolle Weise auf k\u00f6rperlicher, emotionaler, mentaler und spiritueller Ebene und ber\u00fchrt die tieferen Ursachen von Ungleichgewicht und Unwohlsein. Auf diese Weise unterst\u00fctzt sie die nat\u00fcrlichen Heilungsprozesse des K\u00f6rpers und kann dazu beitragen, das Gleichgewicht zwischen K\u00f6rper, Geist und Seele wiederherzustellen.<\/p><p data-start=\"607\" data-end=\"973\">W\u00e4hrend der Sitzungen verbindet Franziska intuitive F\u00fchrung mit Energieheilung. Jede Sitzung er\u00f6ffnet einen ruhigen und gesch\u00fctzten Raum, in dem sich K\u00f6rper und Energiesystem entspannen, loslassen und neu ausrichten k\u00f6nnen. Die Erfahrung wird h\u00e4ufig als tief beruhigend und regenerierend wahrgenommen und kann zugleich innere Prozesse der Kl\u00e4rung, Heilung und Transformation unterst\u00fctzen.<\/p><p data-start=\"975\" data-end=\"1164\">Da Energieheilung einen tieferen Integrations- und Ver\u00e4nderungsprozess unterst\u00fctzt, wird oft eine Serie von mindestens drei Sitzungen empfohlen, damit sich dieser voll entfalten und integrieren kann.<\/p><p data-start=\"1166\" data-end=\"1434\">Energieheilung kann auch eine unterst\u00fctzende Begleitung f\u00fcr Menschen sein, die sich in medizinischer Behandlung befinden, w\u00e4hrend der Schwangerschaft sowie f\u00fcr \u00e4ltere Menschen und Kinder. Auch Tiere reagieren sehr nat\u00fcrlich auf Energieheilung und k\u00f6nnen von dieser sanften Form der Unterst\u00fctzung auf jeder Ebene profitieren.<\/p><div>\u00a0<\/div>\t\t\t\t\t\t\t\t<\/div>\n\t\t\t\t<\/div>\n\t\t\t\t<div class=\"elementor-element elementor-element-5967289 elementor-widget-divider--view-line elementor-widget elementor-widget-divider\" data-id=\"5967289\" data-element_type=\"widget\" data-e-type=\"widget\" data-widget_type=\"divider.default\">\n\t\t\t\t<div class=\"elementor-widget-container\">\n\t\t\t\t\t\t\t<div class=\"elementor-divider\">\n\t\t\t<span class=\"elementor-divider-separator\">\n\t\t\t\t\t\t<\/span>\n\t\t<\/div>\n\t\t\t\t\t\t<\/div>\n\t\t\t\t<\/div>\n\t\t\t\t<div class=\"elementor-element elementor-element-9dbe9e2 elementor-widget elementor-widget-heading\" data-id=\"9dbe9e2\" data-element_type=\"widget\" data-e-type=\"widget\" data-widget_type=\"heading.default\">\n\t\t\t\t<div class=\"elementor-widget-container\">\n\t\t\t\t\t<h2 class=\"elementor-heading-title elementor-size-default\">Investition und Buchung<\/h2>\t\t\t\t<\/div>\n\t\t\t\t<\/div>\n\t\t\t\t<section class=\"elementor-section elementor-inner-section elementor-element elementor-element-4a95fda elementor-section-boxed elementor-section-height-default elementor-section-height-default\" data-id=\"4a95fda\" data-element_type=\"section\" data-e-type=\"section\">\n\t\t\t\t\t\t<div class=\"elementor-container elementor-column-gap-default\">\n\t\t\t\t\t<div class=\"elementor-column elementor-col-100 elementor-inner-column elementor-element elementor-element-194316a\" data-id=\"194316a\" data-element_type=\"column\" data-e-type=\"column\">\n\t\t\t<div class=\"elementor-widget-wrap elementor-element-populated\">\n\t\t\t\t\t\t<div class=\"elementor-element elementor-element-50e43a0 elementor-widget elementor-widget-text-editor\" data-id=\"50e43a0\" data-element_type=\"widget\" data-e-type=\"widget\" data-widget_type=\"text-editor.default\">\n\t\t\t\t<div class=\"elementor-widget-container\">\n\t\t\t\t\t\t\t\t\t<div class=\"elementor-element elementor-element-5149bfa elementor-widget elementor-widget-text-editor\" data-id=\"5149bfa\" data-element_type=\"widget\" data-e-type=\"widget\" data-widget_type=\"text-editor.default\"><div class=\"elementor-widget-container\"><p><em>Die Sitzung wird aufgezeichnet und dir per E-Mail zugeschickt.<\/em><\/p><p><strong>Preis<\/strong><br \/>155 CHF (Schweizer Franken) I 60-75 Minuten<\/p><p><strong>Paket mit 3 Sitzungen<\/strong><br \/>409 CHF (Schweizer Franken)<br \/>(Spare 12%)<\/p><\/div><\/div><div class=\"elementor-widget-container\"><p><strong style=\"font-family: -apple-system, BlinkMacSystemFont, 'Segoe UI', Roboto, 'Helvetica Neue', Arial, 'Noto Sans', sans-serif, 'Apple Color Emoji', 'Segoe UI Emoji', 'Segoe UI Symbol', 'Noto Color Emoji';\">Investition f\u00fcr dein Tier<br \/><\/strong><span style=\"font-family: -apple-system, BlinkMacSystemFont, 'Segoe UI', Roboto, 'Helvetica Neue', Arial, 'Noto Sans', sans-serif, 'Apple Color Emoji', 'Segoe UI Emoji', 'Segoe UI Symbol', 'Noto Color Emoji';\">95 CHF (Schweizer Franken)<\/span><\/p><\/div><p><em>Wenn du in einem Land lebst, in dem die Landesw\u00e4hrung deutlich schw\u00e4cher ist als der Schweizer Franken (CHF), besteht die M\u00f6glichkeit eines reduzierten Preises in Euro. Es ist mir ein Herzensanliegen, diese Arbeit f\u00fcr Menschen und Tiere weltweit zug\u00e4nglich zu machen. Melde dich daher gerne, wenn dies auf dich zutrifft.<\/em><\/p>\t\t\t\t\t\t\t\t<\/div>\n\t\t\t\t<\/div>\n\t\t\t\t<div class=\"elementor-element elementor-element-772a9b1 elementor-widget__width-inherit elementor-widget elementor-widget-premium-addon-image-button\" data-id=\"772a9b1\" data-element_type=\"widget\" data-e-type=\"widget\" data-widget_type=\"premium-addon-image-button.default\">\n\t\t\t\t<div class=\"elementor-widget-container\">\n\t\t\t\t\t\n\t\t<a class=\"premium-image-button-none premium-image-button premium-btn-lg premium-image-button-none\" href=\"https:\/\/www.wavesofoneness.com\/de\/kontakt\/\">\n\t\t\t<div class=\"premium-image-button-text-icon-wrapper\">\n\n\t\t\t\t\n\t\t\t\t\t\t\t\t\t<span >\n\t\t\t\t\t\tBuche deine Sitzung\t\t\t\t\t<\/span>\n\t\t\t\t\n\t\t\t<\/div>\n\n\t\t\t\n\t\t\t\n\t\t\t\n\t\t<\/a>\n\n\t\t\t\t\t\t<\/div>\n\t\t\t\t<\/div>\n\t\t\t\t\t<\/div>\n\t\t<\/div>\n\t\t\t\t\t<\/div>\n\t\t<\/section>\n\t\t\t\t<div class=\"elementor-element elementor-element-a3b81df elementor-widget-divider--view-line elementor-widget elementor-widget-divider\" data-id=\"a3b81df\" data-element_type=\"widget\" data-e-type=\"widget\" data-widget_type=\"divider.default\">\n\t\t\t\t<div class=\"elementor-widget-container\">\n\t\t\t\t\t\t\t<div class=\"elementor-divider\">\n\t\t\t<span class=\"elementor-divider-separator\">\n\t\t\t\t\t\t<\/span>\n\t\t<\/div>\n\t\t\t\t\t\t<\/div>\n\t\t\t\t<\/div>\n\t\t\t\t<div class=\"elementor-element elementor-element-736355f elementor-widget__width-inherit elementor-widget elementor-widget-premium-addon-image-button\" data-id=\"736355f\" data-element_type=\"widget\" data-e-type=\"widget\" data-widget_type=\"premium-addon-image-button.default\">\n\t\t\t\t<div class=\"elementor-widget-container\">\n\t\t\t\t\t\n\t\t<a class=\"premium-image-button-none premium-image-button premium-btn-sm premium-image-button-none\" href=\"https:\/\/www.wavesofoneness.com\/de\/arbeit-mit-franziska\/\">\n\t\t\t<div class=\"premium-image-button-text-icon-wrapper\">\n\n\t\t\t\t\n\t\t\t\t\t\t\t\t\t<span >\n\t\t\t\t\t\tWeitere Dienstleistungen\t\t\t\t\t<\/span>\n\t\t\t\t\n\t\t\t<\/div>\n\n\t\t\t\n\t\t\t\n\t\t\t\n\t\t<\/a>\n\n\t\t\t\t\t\t<\/div>\n\t\t\t\t<\/div>\n\t\t\t\t\t<\/div>\n\t\t<\/div>\n\t\t\t\t\t<\/div>\n\t\t<\/section>\n\t\t\t\t<\/div>","protected":false},"excerpt":{"rendered":"<p>Waves of Oneness Heart-Centered Energy Healing Energy healing is a holistic approach that supports the body\u2019s natural ability to restore balance and well-being. It works in a subtle yet powerful way on the physical, emotional, mental, and spiritual levels, addressing the deeper roots of imbalance and dis-ease. In this way, it supports the body\u2019s natural [&hellip;]<\/p>\n","protected":false},"author":2,"featured_media":0,"parent":19058,"menu_order":0,"comment_status":"closed","ping_status":"closed","template":"","meta":{"footnotes":""},"class_list":["post-19076","page","type-page","status-publish","hentry"],"yoast_head":"<!-- This site is optimized with the Yoast SEO plugin v27.4 - https:\/\/yoast.com\/product\/yoast-seo-wordpress\/ -->\n<title>Heart Centered Energy Healing - Waves of Oneness | Franziska Guentensperger<\/title>\n<meta name=\"robots\" content=\"index, follow, max-snippet:-1, max-image-preview:large, max-video-preview:-1\" \/>\n<link rel=\"canonical\" href=\"https:\/\/www.wavesofoneness.com\/de\/arbeit-mit-franziska\/herzzentrierte-energieheilung\/\" \/>\n<meta property=\"og:locale\" content=\"de_DE\" \/>\n<meta property=\"og:type\" content=\"article\" \/>\n<meta property=\"og:title\" content=\"Heart Centered Energy Healing - Waves of Oneness | Franziska Guentensperger\" \/>\n<meta property=\"og:description\" content=\"Waves of Oneness Heart-Centered Energy Healing Energy healing is a holistic approach that supports the body\u2019s natural ability to restore balance and well-being. It works in a subtle yet powerful way on the physical, emotional, mental, and spiritual levels, addressing the deeper roots of imbalance and dis-ease. In this way, it supports the body\u2019s natural [&hellip;]\" \/>\n<meta property=\"og:url\" content=\"https:\/\/www.wavesofoneness.com\/de\/arbeit-mit-franziska\/herzzentrierte-energieheilung\/\" \/>\n<meta property=\"og:site_name\" content=\"Waves of Oneness | Franziska Guentensperger\" \/>\n<meta property=\"article:publisher\" content=\"https:\/\/www.facebook.com\/wavesofoneness\" \/>\n<meta property=\"article:modified_time\" content=\"2026-03-09T21:14:10+00:00\" \/>\n<meta property=\"og:image\" content=\"https:\/\/www.wavesofoneness.com\/wp-content\/uploads\/2021\/09\/hamburger-menu-white.png\" \/>\n\t<meta property=\"og:image:width\" content=\"48\" \/>\n\t<meta property=\"og:image:height\" content=\"29\" \/>\n\t<meta property=\"og:image:type\" content=\"image\/png\" \/>\n<meta name=\"twitter:card\" content=\"summary_large_image\" \/>\n<meta name=\"twitter:label1\" content=\"Gesch\u00e4tzte Lesezeit\" \/>\n\t<meta name=\"twitter:data1\" content=\"2\u00a0Minuten\" \/>\n<script type=\"application\/ld+json\" class=\"yoast-schema-graph\">{\"@context\":\"https:\\\/\\\/schema.org\",\"@graph\":[{\"@type\":\"WebPage\",\"@id\":\"https:\\\/\\\/www.wavesofoneness.com\\\/work-with-franziska\\\/heart-centered-energy-healing\\\/\",\"url\":\"https:\\\/\\\/www.wavesofoneness.com\\\/work-with-franziska\\\/heart-centered-energy-healing\\\/\",\"name\":\"Heart Centered Energy Healing - Waves of Oneness | Franziska Guentensperger\",\"isPartOf\":{\"@id\":\"https:\\\/\\\/www.wavesofoneness.com\\\/#website\"},\"primaryImageOfPage\":{\"@id\":\"https:\\\/\\\/www.wavesofoneness.com\\\/work-with-franziska\\\/heart-centered-energy-healing\\\/#primaryimage\"},\"image\":{\"@id\":\"https:\\\/\\\/www.wavesofoneness.com\\\/work-with-franziska\\\/heart-centered-energy-healing\\\/#primaryimage\"},\"thumbnailUrl\":\"https:\\\/\\\/www.wavesofoneness.com\\\/wp-content\\\/uploads\\\/2021\\\/09\\\/hamburger-menu-white.png\",\"datePublished\":\"2024-06-05T00:16:37+00:00\",\"dateModified\":\"2026-03-09T21:14:10+00:00\",\"breadcrumb\":{\"@id\":\"https:\\\/\\\/www.wavesofoneness.com\\\/work-with-franziska\\\/heart-centered-energy-healing\\\/#breadcrumb\"},\"inLanguage\":\"de\",\"potentialAction\":[{\"@type\":\"ReadAction\",\"target\":[\"https:\\\/\\\/www.wavesofoneness.com\\\/work-with-franziska\\\/heart-centered-energy-healing\\\/\"]}]},{\"@type\":\"ImageObject\",\"inLanguage\":\"de\",\"@id\":\"https:\\\/\\\/www.wavesofoneness.com\\\/work-with-franziska\\\/heart-centered-energy-healing\\\/#primaryimage\",\"url\":\"https:\\\/\\\/www.wavesofoneness.com\\\/wp-content\\\/uploads\\\/2021\\\/09\\\/hamburger-menu-white.png\",\"contentUrl\":\"https:\\\/\\\/www.wavesofoneness.com\\\/wp-content\\\/uploads\\\/2021\\\/09\\\/hamburger-menu-white.png\"},{\"@type\":\"BreadcrumbList\",\"@id\":\"https:\\\/\\\/www.wavesofoneness.com\\\/work-with-franziska\\\/heart-centered-energy-healing\\\/#breadcrumb\",\"itemListElement\":[{\"@type\":\"ListItem\",\"position\":1,\"name\":\"Home\",\"item\":\"https:\\\/\\\/www.wavesofoneness.com\\\/\"},{\"@type\":\"ListItem\",\"position\":2,\"name\":\"Work with Franziska\",\"item\":\"https:\\\/\\\/www.wavesofoneness.com\\\/work-with-franziska\\\/\"},{\"@type\":\"ListItem\",\"position\":3,\"name\":\"Heart Centered Energy Healing\"}]},{\"@type\":\"WebSite\",\"@id\":\"https:\\\/\\\/www.wavesofoneness.com\\\/#website\",\"url\":\"https:\\\/\\\/www.wavesofoneness.com\\\/\",\"name\":\"Waves of Oneness | Franziska Guentensperger\",\"description\":\"Empower. Heal. Unite.\",\"publisher\":{\"@id\":\"https:\\\/\\\/www.wavesofoneness.com\\\/#organization\"},\"potentialAction\":[{\"@type\":\"SearchAction\",\"target\":{\"@type\":\"EntryPoint\",\"urlTemplate\":\"https:\\\/\\\/www.wavesofoneness.com\\\/?s={search_term_string}\"},\"query-input\":{\"@type\":\"PropertyValueSpecification\",\"valueRequired\":true,\"valueName\":\"search_term_string\"}}],\"inLanguage\":\"de\"},{\"@type\":\"Organization\",\"@id\":\"https:\\\/\\\/www.wavesofoneness.com\\\/#organization\",\"name\":\"Waves of Oneness\",\"url\":\"https:\\\/\\\/www.wavesofoneness.com\\\/\",\"logo\":{\"@type\":\"ImageObject\",\"inLanguage\":\"de\",\"@id\":\"https:\\\/\\\/www.wavesofoneness.com\\\/#\\\/schema\\\/logo\\\/image\\\/\",\"url\":\"https:\\\/\\\/www.wavesofoneness.com\\\/wp-content\\\/uploads\\\/2021\\\/10\\\/wow-logo-icon-iridescent.png\",\"contentUrl\":\"https:\\\/\\\/www.wavesofoneness.com\\\/wp-content\\\/uploads\\\/2021\\\/10\\\/wow-logo-icon-iridescent.png\",\"width\":300,\"height\":322,\"caption\":\"Waves of Oneness\"},\"image\":{\"@id\":\"https:\\\/\\\/www.wavesofoneness.com\\\/#\\\/schema\\\/logo\\\/image\\\/\"},\"sameAs\":[\"https:\\\/\\\/www.facebook.com\\\/wavesofoneness\",\"https:\\\/\\\/www.instagram.com\\\/waves_of_oneness\\\/\",\"https:\\\/\\\/www.youtube.com\\\/channel\\\/UC7fjPn_gM4l7V4-gZ-Y-vtw?view_as=public\"]}]}<\/script>\n<!-- \/ Yoast SEO plugin. -->","yoast_head_json":{"title":"Herzzentrierte Energieheilung - Wellen des Einsseins | Franziska Guentensperger","robots":{"index":"index","follow":"follow","max-snippet":"max-snippet:-1","max-image-preview":"max-image-preview:large","max-video-preview":"max-video-preview:-1"},"canonical":"https:\/\/www.wavesofoneness.com\/de\/arbeit-mit-franziska\/herzzentrierte-energieheilung\/","og_locale":"de_DE","og_type":"article","og_title":"Heart Centered Energy Healing - Waves of Oneness | Franziska Guentensperger","og_description":"Waves of Oneness Heart-Centered Energy Healing Energy healing is a holistic approach that supports the body\u2019s natural ability to restore balance and well-being. It works in a subtle yet powerful way on the physical, emotional, mental, and spiritual levels, addressing the deeper roots of imbalance and dis-ease. In this way, it supports the body\u2019s natural [&hellip;]","og_url":"https:\/\/www.wavesofoneness.com\/de\/arbeit-mit-franziska\/herzzentrierte-energieheilung\/","og_site_name":"Waves of Oneness | Franziska Guentensperger","article_publisher":"https:\/\/www.facebook.com\/wavesofoneness","article_modified_time":"2026-03-09T21:14:10+00:00","og_image":[{"width":48,"height":29,"url":"https:\/\/www.wavesofoneness.com\/wp-content\/uploads\/2021\/09\/hamburger-menu-white.png","type":"image\/png"}],"twitter_card":"summary_large_image","twitter_misc":{"Gesch\u00e4tzte Lesezeit":"2\u00a0Minuten"},"schema":{"@context":"https:\/\/schema.org","@graph":[{"@type":"WebPage","@id":"https:\/\/www.wavesofoneness.com\/work-with-franziska\/heart-centered-energy-healing\/","url":"https:\/\/www.wavesofoneness.com\/work-with-franziska\/heart-centered-energy-healing\/","name":"Herzzentrierte Energieheilung - Wellen des Einsseins | Franziska Guentensperger","isPartOf":{"@id":"https:\/\/www.wavesofoneness.com\/#website"},"primaryImageOfPage":{"@id":"https:\/\/www.wavesofoneness.com\/work-with-franziska\/heart-centered-energy-healing\/#primaryimage"},"image":{"@id":"https:\/\/www.wavesofoneness.com\/work-with-franziska\/heart-centered-energy-healing\/#primaryimage"},"thumbnailUrl":"https:\/\/www.wavesofoneness.com\/wp-content\/uploads\/2021\/09\/hamburger-menu-white.png","datePublished":"2024-06-05T00:16:37+00:00","dateModified":"2026-03-09T21:14:10+00:00","breadcrumb":{"@id":"https:\/\/www.wavesofoneness.com\/work-with-franziska\/heart-centered-energy-healing\/#breadcrumb"},"inLanguage":"de","potentialAction":[{"@type":"ReadAction","target":["https:\/\/www.wavesofoneness.com\/work-with-franziska\/heart-centered-energy-healing\/"]}]},{"@type":"ImageObject","inLanguage":"de","@id":"https:\/\/www.wavesofoneness.com\/work-with-franziska\/heart-centered-energy-healing\/#primaryimage","url":"https:\/\/www.wavesofoneness.com\/wp-content\/uploads\/2021\/09\/hamburger-menu-white.png","contentUrl":"https:\/\/www.wavesofoneness.com\/wp-content\/uploads\/2021\/09\/hamburger-menu-white.png"},{"@type":"BreadcrumbList","@id":"https:\/\/www.wavesofoneness.com\/work-with-franziska\/heart-centered-energy-healing\/#breadcrumb","itemListElement":[{"@type":"ListItem","position":1,"name":"Home","item":"https:\/\/www.wavesofoneness.com\/"},{"@type":"ListItem","position":2,"name":"Work with Franziska","item":"https:\/\/www.wavesofoneness.com\/work-with-franziska\/"},{"@type":"ListItem","position":3,"name":"Heart Centered Energy Healing"}]},{"@type":"WebSite","@id":"https:\/\/www.wavesofoneness.com\/#website","url":"https:\/\/www.wavesofoneness.com\/","name":"Wellen des Einsseins | Franziska Guentensperger","description":"Bef\u00e4higen. Heilen. Vereinigen.","publisher":{"@id":"https:\/\/www.wavesofoneness.com\/#organization"},"potentialAction":[{"@type":"SearchAction","target":{"@type":"EntryPoint","urlTemplate":"https:\/\/www.wavesofoneness.com\/?s={search_term_string}"},"query-input":{"@type":"PropertyValueSpecification","valueRequired":true,"valueName":"search_term_string"}}],"inLanguage":"de"},{"@type":"Organization","@id":"https:\/\/www.wavesofoneness.com\/#organization","name":"Waves of Oneness","url":"https:\/\/www.wavesofoneness.com\/","logo":{"@type":"ImageObject","inLanguage":"de","@id":"https:\/\/www.wavesofoneness.com\/#\/schema\/logo\/image\/","url":"https:\/\/www.wavesofoneness.com\/wp-content\/uploads\/2021\/10\/wow-logo-icon-iridescent.png","contentUrl":"https:\/\/www.wavesofoneness.com\/wp-content\/uploads\/2021\/10\/wow-logo-icon-iridescent.png","width":300,"height":322,"caption":"Waves of Oneness"},"image":{"@id":"https:\/\/www.wavesofoneness.com\/#\/schema\/logo\/image\/"},"sameAs":["https:\/\/www.facebook.com\/wavesofoneness","https:\/\/www.instagram.com\/waves_of_oneness\/","https:\/\/www.youtube.com\/channel\/UC7fjPn_gM4l7V4-gZ-Y-vtw?view_as=public"]}]}},"_links":{"self":[{"href":"https:\/\/www.wavesofoneness.com\/de\/wp-json\/wp\/v2\/pages\/19076","targetHints":{"allow":["GET"]}}],"collection":[{"href":"https:\/\/www.wavesofoneness.com\/de\/wp-json\/wp\/v2\/pages"}],"about":[{"href":"https:\/\/www.wavesofoneness.com\/de\/wp-json\/wp\/v2\/types\/page"}],"author":[{"embeddable":true,"href":"https:\/\/www.wavesofoneness.com\/de\/wp-json\/wp\/v2\/users\/2"}],"replies":[{"embeddable":true,"href":"https:\/\/www.wavesofoneness.com\/de\/wp-json\/wp\/v2\/comments?post=19076"}],"version-history":[{"count":31,"href":"https:\/\/www.wavesofoneness.com\/de\/wp-json\/wp\/v2\/pages\/19076\/revisions"}],"predecessor-version":[{"id":21290,"href":"https:\/\/www.wavesofoneness.com\/de\/wp-json\/wp\/v2\/pages\/19076\/revisions\/21290"}],"up":[{"embeddable":true,"href":"https:\/\/www.wavesofoneness.com\/de\/wp-json\/wp\/v2\/pages\/19058"}],"wp:attachment":[{"href":"https:\/\/www.wavesofoneness.com\/de\/wp-json\/wp\/v2\/media?parent=19076"}],"curies":[{"name":"wp","href":"https:\/\/api.w.org\/{rel}","templated":true}]}}