{"id":19071,"date":"2024-06-05T01:51:56","date_gmt":"2024-06-04T23:51:56","guid":{"rendered":"https:\/\/www.wavesofoneness.com\/?page_id=19071"},"modified":"2026-03-13T15:24:05","modified_gmt":"2026-03-13T14:24:05","slug":"australien-bush-flower-spirituelle-essenzen-amp-blumen-von-bach","status":"publish","type":"page","link":"https:\/\/www.wavesofoneness.com\/de\/work-with-franziska\/australien-bush-flower-spiritual-essences-amp-flowers-of-bach\/","title":{"rendered":"Australien Bush Flower, Spirituelle Essenzen &amp; Bachbl\u00fcten"},"content":{"rendered":"<div data-elementor-type=\"wp-page\" data-elementor-id=\"19071\" class=\"elementor elementor-19071\" data-elementor-post-type=\"page\">\n\t\t\t\t\t\t<section class=\"elementor-section elementor-top-section elementor-element elementor-element-c7afcd1 elementor-section-full_width elementor-section-height-default elementor-section-height-default\" data-id=\"c7afcd1\" data-element_type=\"section\" data-e-type=\"section\" data-settings=\"{&quot;background_background&quot;:&quot;classic&quot;}\">\n\t\t\t\t\t\t<div class=\"elementor-container elementor-column-gap-default\">\n\t\t\t\t\t<div class=\"elementor-column elementor-col-100 elementor-top-column elementor-element elementor-element-7adc164\" data-id=\"7adc164\" data-element_type=\"column\" data-e-type=\"column\">\n\t\t\t<div class=\"elementor-widget-wrap elementor-element-populated\">\n\t\t\t\t\t\t<section class=\"elementor-section elementor-inner-section elementor-element elementor-element-a089c83 elementor-section-full_width elementor-section-height-default elementor-section-height-default\" data-id=\"a089c83\" data-element_type=\"section\" data-e-type=\"section\">\n\t\t\t\t\t\t<div class=\"elementor-container elementor-column-gap-default\">\n\t\t\t\t\t<div class=\"elementor-column elementor-col-50 elementor-inner-column elementor-element elementor-element-370e1bd\" data-id=\"370e1bd\" data-element_type=\"column\" data-e-type=\"column\">\n\t\t\t<div class=\"elementor-widget-wrap elementor-element-populated\">\n\t\t\t\t\t\t<div class=\"elementor-element elementor-element-649a75e elementor-widget elementor-widget-heading\" data-id=\"649a75e\" data-element_type=\"widget\" data-e-type=\"widget\" data-widget_type=\"heading.default\">\n\t\t\t\t<div class=\"elementor-widget-container\">\n\t\t\t\t\t<h2 class=\"elementor-heading-title elementor-size-default\"><a href=\"https:\/\/www.wavesofoneness.com\/de\/\">Waves of Oneness<\/a><\/h2>\t\t\t\t<\/div>\n\t\t\t\t<\/div>\n\t\t\t\t\t<\/div>\n\t\t<\/div>\n\t\t\t\t<div class=\"elementor-column elementor-col-50 elementor-inner-column elementor-element elementor-element-ba81b7d\" data-id=\"ba81b7d\" data-element_type=\"column\" data-e-type=\"column\">\n\t\t\t<div class=\"elementor-widget-wrap elementor-element-populated\">\n\t\t\t\t\t\t<div class=\"elementor-element elementor-element-3e3b03c elementor-widget elementor-widget-image\" data-id=\"3e3b03c\" data-element_type=\"widget\" data-e-type=\"widget\" data-widget_type=\"image.default\">\n\t\t\t\t<div class=\"elementor-widget-container\">\n\t\t\t\t\t\t\t\t\t\t\t\t\t\t\t\t<a href=\"#elementor-action%3Aaction%3Dpopup%3Aopen%26settings%3DeyJpZCI6IjgwIiwidG9nZ2xlIjpmYWxzZX0%3D\">\n\t\t\t\t\t\t\t<img decoding=\"async\" width=\"48\" height=\"29\" src=\"https:\/\/www.wavesofoneness.com\/wp-content\/uploads\/2021\/09\/hamburger-menu-white.png\" class=\"attachment-large size-large wp-image-47\" alt=\"\" \/>\t\t\t\t\t\t\t\t<\/a>\n\t\t\t\t\t\t\t\t\t\t\t\t\t\t\t<\/div>\n\t\t\t\t<\/div>\n\t\t\t\t\t<\/div>\n\t\t<\/div>\n\t\t\t\t\t<\/div>\n\t\t<\/section>\n\t\t\t\t<div class=\"elementor-element elementor-element-fe5818f elementor-widget elementor-widget-spacer\" data-id=\"fe5818f\" data-element_type=\"widget\" data-e-type=\"widget\" data-widget_type=\"spacer.default\">\n\t\t\t\t<div class=\"elementor-widget-container\">\n\t\t\t\t\t\t\t<div class=\"elementor-spacer\">\n\t\t\t<div class=\"elementor-spacer-inner\"><\/div>\n\t\t<\/div>\n\t\t\t\t\t\t<\/div>\n\t\t\t\t<\/div>\n\t\t\t\t<div class=\"elementor-element elementor-element-963576a elementor-widget__width-initial elementor-widget elementor-widget-heading\" data-id=\"963576a\" data-element_type=\"widget\" data-e-type=\"widget\" data-widget_type=\"heading.default\">\n\t\t\t\t<div class=\"elementor-widget-container\">\n\t\t\t\t\t<h2 class=\"elementor-heading-title elementor-size-default\">AUSTRALISCHE BUSCHBL\u00dcTEN\n&amp; White Light Essences von Ian White<\/h2>\t\t\t\t<\/div>\n\t\t\t\t<\/div>\n\t\t\t\t<div class=\"elementor-element elementor-element-b36207b elementor-widget elementor-widget-spacer\" data-id=\"b36207b\" data-element_type=\"widget\" data-e-type=\"widget\" data-widget_type=\"spacer.default\">\n\t\t\t\t<div class=\"elementor-widget-container\">\n\t\t\t\t\t\t\t<div class=\"elementor-spacer\">\n\t\t\t<div class=\"elementor-spacer-inner\"><\/div>\n\t\t<\/div>\n\t\t\t\t\t\t<\/div>\n\t\t\t\t<\/div>\n\t\t\t\t\t<\/div>\n\t\t<\/div>\n\t\t\t\t\t<\/div>\n\t\t<\/section>\n\t\t\t\t<section class=\"elementor-section elementor-top-section elementor-element elementor-element-0fb4c13 elementor-section-boxed elementor-section-height-default elementor-section-height-default\" data-id=\"0fb4c13\" data-element_type=\"section\" data-e-type=\"section\" data-settings=\"{&quot;background_background&quot;:&quot;gradient&quot;}\">\n\t\t\t\t\t\t<div class=\"elementor-container elementor-column-gap-default\">\n\t\t\t\t\t<div class=\"elementor-column elementor-col-100 elementor-top-column elementor-element elementor-element-8892766\" data-id=\"8892766\" data-element_type=\"column\" data-e-type=\"column\">\n\t\t\t<div class=\"elementor-widget-wrap elementor-element-populated\">\n\t\t\t\t\t\t<div class=\"elementor-element elementor-element-3770356 elementor-widget elementor-widget-text-editor\" data-id=\"3770356\" data-element_type=\"widget\" data-e-type=\"widget\" data-widget_type=\"text-editor.default\">\n\t\t\t\t<div class=\"elementor-widget-container\">\n\t\t\t\t\t\t\t\t\t<p>Die Australischen Buschbl\u00fctenessenzen tragen die heilende energetische Signatur der Bl\u00fcten, aus denen sie entstehen, w\u00e4hrend die White-Light-Essenzen die energetische Essenz eines Ortes oder eines Elements in sich tragen.<\/p><p data-start=\"349\" data-end=\"670\">Mutter Erde unterst\u00fctzt uns liebevoll dabei, wieder in Einklang zu kommen, mehr Leichtigkeit zu erfahren und uns daran zu erinnern, wer wir in unserem tiefsten Wesen wirklich sind. Sie l\u00e4dt uns ein, in den Frieden des gegenw\u00e4rtigen Augenblicks zur\u00fcckzufinden. Diese Essenzen wirken auf subtile und zugleich kraftvolle Weise auf Menschen und Tiere gleicherma\u00dfen und unterst\u00fctzen dabei, Gleichgewicht und Harmonie auf den Ebenen von K\u00f6rper, Geist und Seele wiederherzustellen.<\/p><h5 data-start=\"672\" data-end=\"767\">\u00a0<\/h5><h5 data-start=\"672\" data-end=\"767\">Sitzung f\u00fcr dich<\/h5><p data-start=\"672\" data-end=\"767\">In einem 20\u201330-min\u00fctigen Zoom-Gespr\u00e4ch erkunden wir gemeinsam, welche Essenzen dich in diesem Moment auf deinem Weg am besten unterst\u00fctzen k\u00f6nnen. Die Sitzungen sind auf Deutsch oder Englisch m\u00f6glich. Die ausgew\u00e4hlten Essenzen k\u00f6nnen dich durch Phasen des Wandels, emotionale Prozesse oder Zeiten der Transformation begleiten und dich dabei unterst\u00fctzen, wieder mehr in dein nat\u00fcrliches Gleichgewicht zu finden.<\/p><p data-start=\"1133\" data-end=\"1258\">Einzelne Essenzen k\u00f6nnen auch in einem Reading oder in einer Energieheilungssitzung integriert werden, um deinen Prozess zu unterst\u00fctzen.<\/p><p data-start=\"1133\" data-end=\"1258\">\u00a0<\/p><h5 data-start=\"1133\" data-end=\"1258\">Begleitung f\u00fcr dein Tier<\/h5><p data-start=\"126\" data-end=\"392\">Australische Buschbl\u00fctenessenzen k\u00f6nnen Tiere auf sanfte und liebevolle Weise unterst\u00fctzen. Sie reagieren oft sehr nat\u00fcrlich auf die feinen energetischen Qualit\u00e4ten der Essenzen, da Tiere meist noch tief mit den nat\u00fcrlichen Rhythmen und der Intelligenz des Lebens verbunden sind.<\/p><p data-start=\"394\" data-end=\"752\">Wenn du das Gef\u00fchl hast, dass dein tierischer Gef\u00e4hrte von dieser Unterst\u00fctzung profitieren kann, k\u00f6nnen wir gemeinsam seine Bed\u00fcrfnisse per WhatsApp oder in einem kurzen Telefonat erkunden. Wenn m\u00f6glich, ist ein Foto sehr hilfreich, da es eine kurze, intuitive Verbindung erm\u00f6glicht und zus\u00e4tzliche Informationen wahrgenommen werden k\u00f6nnen, die zu einer bestm\u00f6glichen Unterst\u00fctzung beitragen.<\/p><p data-start=\"754\" data-end=\"929\">Auf dieser Grundlage wird eine individuell abgestimmte Essenz zusammengestellt, die dein Tier auf k\u00f6rperlicher, emotionaler und energetischer Ebene sanft begleiten kann.<\/p>\t\t\t\t\t\t\t\t<\/div>\n\t\t\t\t<\/div>\n\t\t\t\t<div class=\"elementor-element elementor-element-9568405 elementor-widget-divider--view-line elementor-widget elementor-widget-divider\" data-id=\"9568405\" data-element_type=\"widget\" data-e-type=\"widget\" data-widget_type=\"divider.default\">\n\t\t\t\t<div class=\"elementor-widget-container\">\n\t\t\t\t\t\t\t<div class=\"elementor-divider\">\n\t\t\t<span class=\"elementor-divider-separator\">\n\t\t\t\t\t\t<\/span>\n\t\t<\/div>\n\t\t\t\t\t\t<\/div>\n\t\t\t\t<\/div>\n\t\t\t\t<div class=\"elementor-element elementor-element-a51ab60 elementor-widget elementor-widget-heading\" data-id=\"a51ab60\" data-element_type=\"widget\" data-e-type=\"widget\" data-widget_type=\"heading.default\">\n\t\t\t\t<div class=\"elementor-widget-container\">\n\t\t\t\t\t<h2 class=\"elementor-heading-title elementor-size-default\">Investition und Buchung\n<\/h2>\t\t\t\t<\/div>\n\t\t\t\t<\/div>\n\t\t\t\t<div class=\"elementor-element elementor-element-38fc718 elementor-widget elementor-widget-text-editor\" data-id=\"38fc718\" data-element_type=\"widget\" data-e-type=\"widget\" data-widget_type=\"text-editor.default\">\n\t\t\t\t<div class=\"elementor-widget-container\">\n\t\t\t\t\t\t\t\t\t<div class=\"elementor-element elementor-element-5149bfa elementor-widget elementor-widget-text-editor\" data-id=\"5149bfa\" data-element_type=\"widget\" data-e-type=\"widget\" data-widget_type=\"text-editor.default\"><div class=\"elementor-widget-container\"><p><strong>Preis<br \/><\/strong>105 CHF (Schweizer Franken)<br \/>In Verbindung mit einer anderen Therapie werden keine zus\u00e4tzlichen Beratungsgeb\u00fchren erhoben.<\/p><p><strong>Investition f\u00fcr dein Tier<br \/><\/strong>55 CHF (Schweizer Franken)<\/p><p>Das Porto innerhalb der Schweiz ist im Preis enthalten.<\/p><\/div><\/div><p><em><br \/>Wenn du in einem Land lebst, in dem die Landesw\u00e4hrung deutlich schw\u00e4cher ist als der Schweizer Franken (CHF), besteht die M\u00f6glichkeit eines reduzierten Preises in Euro. Es ist mir ein Herzensanliegen, diese Arbeit f\u00fcr Menschen und Tiere weltweit zug\u00e4nglich zu machen. Melde dich daher gerne, wenn dies auf dich zutrifft.<\/em><\/p>\t\t\t\t\t\t\t\t<\/div>\n\t\t\t\t<\/div>\n\t\t\t\t<div class=\"elementor-element elementor-element-99e8c4e elementor-widget__width-inherit elementor-widget elementor-widget-premium-addon-image-button\" data-id=\"99e8c4e\" data-element_type=\"widget\" data-e-type=\"widget\" data-widget_type=\"premium-addon-image-button.default\">\n\t\t\t\t<div class=\"elementor-widget-container\">\n\t\t\t\t\t\n\t\t<a class=\"premium-image-button-none premium-image-button premium-btn-lg premium-image-button-none\" href=\"https:\/\/www.wavesofoneness.com\/de\/kontakt\/\">\n\t\t\t<div class=\"premium-image-button-text-icon-wrapper\">\n\n\t\t\t\t\n\t\t\t\t\t\t\t\t\t<span >\n\t\t\t\t\t\tBuche deine Sitzung\t\t\t\t\t<\/span>\n\t\t\t\t\n\t\t\t<\/div>\n\n\t\t\t\n\t\t\t\n\t\t\t\n\t\t<\/a>\n\n\t\t\t\t\t\t<\/div>\n\t\t\t\t<\/div>\n\t\t\t\t<div class=\"elementor-element elementor-element-d8f7541 elementor-widget elementor-widget-text-editor\" data-id=\"d8f7541\" data-element_type=\"widget\" data-e-type=\"widget\" data-widget_type=\"text-editor.default\">\n\t\t\t\t<div class=\"elementor-widget-container\">\n\t\t\t\t\t\t\t\t\t<div data-id=\"3259c0a\" data-element_type=\"widget\" data-widget_type=\"text-editor.default\"><div>\u00a0<\/div><\/div>\t\t\t\t\t\t\t\t<\/div>\n\t\t\t\t<\/div>\n\t\t\t\t<div class=\"elementor-element elementor-element-48bc761 elementor-widget-divider--view-line elementor-widget elementor-widget-divider\" data-id=\"48bc761\" data-element_type=\"widget\" data-e-type=\"widget\" data-widget_type=\"divider.default\">\n\t\t\t\t<div class=\"elementor-widget-container\">\n\t\t\t\t\t\t\t<div class=\"elementor-divider\">\n\t\t\t<span class=\"elementor-divider-separator\">\n\t\t\t\t\t\t<\/span>\n\t\t<\/div>\n\t\t\t\t\t\t<\/div>\n\t\t\t\t<\/div>\n\t\t\t\t<div class=\"elementor-element elementor-element-727473c elementor-widget__width-inherit elementor-widget elementor-widget-premium-addon-image-button\" data-id=\"727473c\" data-element_type=\"widget\" data-e-type=\"widget\" data-widget_type=\"premium-addon-image-button.default\">\n\t\t\t\t<div class=\"elementor-widget-container\">\n\t\t\t\t\t\n\t\t<a class=\"premium-image-button-none premium-image-button premium-btn-sm premium-image-button-none\" href=\"https:\/\/www.wavesofoneness.com\/de\/arbeit-mit-franziska\/\">\n\t\t\t<div class=\"premium-image-button-text-icon-wrapper\">\n\n\t\t\t\t\n\t\t\t\t\t\t\t\t\t<span >\n\t\t\t\t\t\tWeitere Dienstleistungen\t\t\t\t\t<\/span>\n\t\t\t\t\n\t\t\t<\/div>\n\n\t\t\t\n\t\t\t\n\t\t\t\n\t\t<\/a>\n\n\t\t\t\t\t\t<\/div>\n\t\t\t\t<\/div>\n\t\t\t\t\t<\/div>\n\t\t<\/div>\n\t\t\t\t\t<\/div>\n\t\t<\/section>\n\t\t\t\t<\/div>","protected":false},"excerpt":{"rendered":"<p>Waves of Oneness AUSTRALIAN BUSH FLOWERS &amp; White Light Essences by Ian White The Australian Bush Flower Essences carry the healing energetic signature of the flowers from which they are created, while the White Light Essences embody the energetic essence of a place or an element. Mother Earth lovingly supports us in returning to alignment, [&hellip;]<\/p>\n","protected":false},"author":2,"featured_media":0,"parent":19058,"menu_order":0,"comment_status":"closed","ping_status":"closed","template":"","meta":{"footnotes":""},"class_list":["post-19071","page","type-page","status-publish","hentry"],"yoast_head":"<!-- This site is optimized with the Yoast SEO plugin v27.4 - https:\/\/yoast.com\/product\/yoast-seo-wordpress\/ -->\n<title>Australien Bush Flower, Spiritual Essences &amp; Flowers of Bach - Waves of Oneness | Franziska Guentensperger<\/title>\n<meta name=\"robots\" content=\"index, follow, max-snippet:-1, max-image-preview:large, max-video-preview:-1\" \/>\n<link rel=\"canonical\" href=\"https:\/\/www.wavesofoneness.com\/de\/arbeit-mit-franziska\/australien-bush-flower-spirituelle-essenzen-amp-blumen-von-bach\/\" \/>\n<meta property=\"og:locale\" content=\"de_DE\" \/>\n<meta property=\"og:type\" content=\"article\" \/>\n<meta property=\"og:title\" content=\"Australien Bush Flower, Spiritual Essences &amp; Flowers of Bach - Waves of Oneness | Franziska Guentensperger\" \/>\n<meta property=\"og:description\" content=\"Waves of Oneness AUSTRALIAN BUSH FLOWERS &amp; White Light Essences by Ian White The Australian Bush Flower Essences carry the healing energetic signature of the flowers from which they are created, while the White Light Essences embody the energetic essence of a place or an element. Mother Earth lovingly supports us in returning to alignment, [&hellip;]\" \/>\n<meta property=\"og:url\" content=\"https:\/\/www.wavesofoneness.com\/de\/arbeit-mit-franziska\/australien-bush-flower-spirituelle-essenzen-amp-blumen-von-bach\/\" \/>\n<meta property=\"og:site_name\" content=\"Waves of Oneness | Franziska Guentensperger\" \/>\n<meta property=\"article:publisher\" content=\"https:\/\/www.facebook.com\/wavesofoneness\" \/>\n<meta property=\"article:modified_time\" content=\"2026-03-13T14:24:05+00:00\" \/>\n<meta property=\"og:image\" content=\"https:\/\/www.wavesofoneness.com\/wp-content\/uploads\/2021\/09\/hamburger-menu-white.png\" \/>\n\t<meta property=\"og:image:width\" content=\"48\" \/>\n\t<meta property=\"og:image:height\" content=\"29\" \/>\n\t<meta property=\"og:image:type\" content=\"image\/png\" \/>\n<meta name=\"twitter:card\" content=\"summary_large_image\" \/>\n<meta name=\"twitter:label1\" content=\"Gesch\u00e4tzte Lesezeit\" \/>\n\t<meta name=\"twitter:data1\" content=\"3\u00a0Minuten\" \/>\n<script type=\"application\/ld+json\" class=\"yoast-schema-graph\">{\"@context\":\"https:\\\/\\\/schema.org\",\"@graph\":[{\"@type\":\"WebPage\",\"@id\":\"https:\\\/\\\/www.wavesofoneness.com\\\/work-with-franziska\\\/australien-bush-flower-spiritual-essences-amp-flowers-of-bach\\\/\",\"url\":\"https:\\\/\\\/www.wavesofoneness.com\\\/work-with-franziska\\\/australien-bush-flower-spiritual-essences-amp-flowers-of-bach\\\/\",\"name\":\"Australien Bush Flower, Spiritual Essences &amp; Flowers of Bach - Waves of Oneness | Franziska Guentensperger\",\"isPartOf\":{\"@id\":\"https:\\\/\\\/www.wavesofoneness.com\\\/#website\"},\"primaryImageOfPage\":{\"@id\":\"https:\\\/\\\/www.wavesofoneness.com\\\/work-with-franziska\\\/australien-bush-flower-spiritual-essences-amp-flowers-of-bach\\\/#primaryimage\"},\"image\":{\"@id\":\"https:\\\/\\\/www.wavesofoneness.com\\\/work-with-franziska\\\/australien-bush-flower-spiritual-essences-amp-flowers-of-bach\\\/#primaryimage\"},\"thumbnailUrl\":\"https:\\\/\\\/www.wavesofoneness.com\\\/wp-content\\\/uploads\\\/2021\\\/09\\\/hamburger-menu-white.png\",\"datePublished\":\"2024-06-04T23:51:56+00:00\",\"dateModified\":\"2026-03-13T14:24:05+00:00\",\"breadcrumb\":{\"@id\":\"https:\\\/\\\/www.wavesofoneness.com\\\/work-with-franziska\\\/australien-bush-flower-spiritual-essences-amp-flowers-of-bach\\\/#breadcrumb\"},\"inLanguage\":\"de\",\"potentialAction\":[{\"@type\":\"ReadAction\",\"target\":[\"https:\\\/\\\/www.wavesofoneness.com\\\/work-with-franziska\\\/australien-bush-flower-spiritual-essences-amp-flowers-of-bach\\\/\"]}]},{\"@type\":\"ImageObject\",\"inLanguage\":\"de\",\"@id\":\"https:\\\/\\\/www.wavesofoneness.com\\\/work-with-franziska\\\/australien-bush-flower-spiritual-essences-amp-flowers-of-bach\\\/#primaryimage\",\"url\":\"https:\\\/\\\/www.wavesofoneness.com\\\/wp-content\\\/uploads\\\/2021\\\/09\\\/hamburger-menu-white.png\",\"contentUrl\":\"https:\\\/\\\/www.wavesofoneness.com\\\/wp-content\\\/uploads\\\/2021\\\/09\\\/hamburger-menu-white.png\"},{\"@type\":\"BreadcrumbList\",\"@id\":\"https:\\\/\\\/www.wavesofoneness.com\\\/work-with-franziska\\\/australien-bush-flower-spiritual-essences-amp-flowers-of-bach\\\/#breadcrumb\",\"itemListElement\":[{\"@type\":\"ListItem\",\"position\":1,\"name\":\"Home\",\"item\":\"https:\\\/\\\/www.wavesofoneness.com\\\/\"},{\"@type\":\"ListItem\",\"position\":2,\"name\":\"Work with Franziska\",\"item\":\"https:\\\/\\\/www.wavesofoneness.com\\\/work-with-franziska\\\/\"},{\"@type\":\"ListItem\",\"position\":3,\"name\":\"Australien Bush Flower, Spiritual Essences &amp; Flowers of Bach\"}]},{\"@type\":\"WebSite\",\"@id\":\"https:\\\/\\\/www.wavesofoneness.com\\\/#website\",\"url\":\"https:\\\/\\\/www.wavesofoneness.com\\\/\",\"name\":\"Waves of Oneness | Franziska Guentensperger\",\"description\":\"Empower. Heal. Unite.\",\"publisher\":{\"@id\":\"https:\\\/\\\/www.wavesofoneness.com\\\/#organization\"},\"potentialAction\":[{\"@type\":\"SearchAction\",\"target\":{\"@type\":\"EntryPoint\",\"urlTemplate\":\"https:\\\/\\\/www.wavesofoneness.com\\\/?s={search_term_string}\"},\"query-input\":{\"@type\":\"PropertyValueSpecification\",\"valueRequired\":true,\"valueName\":\"search_term_string\"}}],\"inLanguage\":\"de\"},{\"@type\":\"Organization\",\"@id\":\"https:\\\/\\\/www.wavesofoneness.com\\\/#organization\",\"name\":\"Waves of Oneness\",\"url\":\"https:\\\/\\\/www.wavesofoneness.com\\\/\",\"logo\":{\"@type\":\"ImageObject\",\"inLanguage\":\"de\",\"@id\":\"https:\\\/\\\/www.wavesofoneness.com\\\/#\\\/schema\\\/logo\\\/image\\\/\",\"url\":\"https:\\\/\\\/www.wavesofoneness.com\\\/wp-content\\\/uploads\\\/2021\\\/10\\\/wow-logo-icon-iridescent.png\",\"contentUrl\":\"https:\\\/\\\/www.wavesofoneness.com\\\/wp-content\\\/uploads\\\/2021\\\/10\\\/wow-logo-icon-iridescent.png\",\"width\":300,\"height\":322,\"caption\":\"Waves of Oneness\"},\"image\":{\"@id\":\"https:\\\/\\\/www.wavesofoneness.com\\\/#\\\/schema\\\/logo\\\/image\\\/\"},\"sameAs\":[\"https:\\\/\\\/www.facebook.com\\\/wavesofoneness\",\"https:\\\/\\\/www.instagram.com\\\/waves_of_oneness\\\/\",\"https:\\\/\\\/www.youtube.com\\\/channel\\\/UC7fjPn_gM4l7V4-gZ-Y-vtw?view_as=public\"]}]}<\/script>\n<!-- \/ Yoast SEO plugin. -->","yoast_head_json":{"title":"Australien Bush Flower, Spiritual Essences &amp; Flowers of Bach - Waves of Oneness | Franziska Guentensperger","robots":{"index":"index","follow":"follow","max-snippet":"max-snippet:-1","max-image-preview":"max-image-preview:large","max-video-preview":"max-video-preview:-1"},"canonical":"https:\/\/www.wavesofoneness.com\/de\/arbeit-mit-franziska\/australien-bush-flower-spirituelle-essenzen-amp-blumen-von-bach\/","og_locale":"de_DE","og_type":"article","og_title":"Australien Bush Flower, Spiritual Essences &amp; Flowers of Bach - Waves of Oneness | Franziska Guentensperger","og_description":"Waves of Oneness AUSTRALIAN BUSH FLOWERS &amp; White Light Essences by Ian White The Australian Bush Flower Essences carry the healing energetic signature of the flowers from which they are created, while the White Light Essences embody the energetic essence of a place or an element. Mother Earth lovingly supports us in returning to alignment, [&hellip;]","og_url":"https:\/\/www.wavesofoneness.com\/de\/arbeit-mit-franziska\/australien-bush-flower-spirituelle-essenzen-amp-blumen-von-bach\/","og_site_name":"Waves of Oneness | Franziska Guentensperger","article_publisher":"https:\/\/www.facebook.com\/wavesofoneness","article_modified_time":"2026-03-13T14:24:05+00:00","og_image":[{"width":48,"height":29,"url":"https:\/\/www.wavesofoneness.com\/wp-content\/uploads\/2021\/09\/hamburger-menu-white.png","type":"image\/png"}],"twitter_card":"summary_large_image","twitter_misc":{"Gesch\u00e4tzte Lesezeit":"3\u00a0Minuten"},"schema":{"@context":"https:\/\/schema.org","@graph":[{"@type":"WebPage","@id":"https:\/\/www.wavesofoneness.com\/work-with-franziska\/australien-bush-flower-spiritual-essences-amp-flowers-of-bach\/","url":"https:\/\/www.wavesofoneness.com\/work-with-franziska\/australien-bush-flower-spiritual-essences-amp-flowers-of-bach\/","name":"Australien Bush Flower, Spiritual Essences &amp; Flowers of Bach - Waves of Oneness | Franziska Guentensperger","isPartOf":{"@id":"https:\/\/www.wavesofoneness.com\/#website"},"primaryImageOfPage":{"@id":"https:\/\/www.wavesofoneness.com\/work-with-franziska\/australien-bush-flower-spiritual-essences-amp-flowers-of-bach\/#primaryimage"},"image":{"@id":"https:\/\/www.wavesofoneness.com\/work-with-franziska\/australien-bush-flower-spiritual-essences-amp-flowers-of-bach\/#primaryimage"},"thumbnailUrl":"https:\/\/www.wavesofoneness.com\/wp-content\/uploads\/2021\/09\/hamburger-menu-white.png","datePublished":"2024-06-04T23:51:56+00:00","dateModified":"2026-03-13T14:24:05+00:00","breadcrumb":{"@id":"https:\/\/www.wavesofoneness.com\/work-with-franziska\/australien-bush-flower-spiritual-essences-amp-flowers-of-bach\/#breadcrumb"},"inLanguage":"de","potentialAction":[{"@type":"ReadAction","target":["https:\/\/www.wavesofoneness.com\/work-with-franziska\/australien-bush-flower-spiritual-essences-amp-flowers-of-bach\/"]}]},{"@type":"ImageObject","inLanguage":"de","@id":"https:\/\/www.wavesofoneness.com\/work-with-franziska\/australien-bush-flower-spiritual-essences-amp-flowers-of-bach\/#primaryimage","url":"https:\/\/www.wavesofoneness.com\/wp-content\/uploads\/2021\/09\/hamburger-menu-white.png","contentUrl":"https:\/\/www.wavesofoneness.com\/wp-content\/uploads\/2021\/09\/hamburger-menu-white.png"},{"@type":"BreadcrumbList","@id":"https:\/\/www.wavesofoneness.com\/work-with-franziska\/australien-bush-flower-spiritual-essences-amp-flowers-of-bach\/#breadcrumb","itemListElement":[{"@type":"ListItem","position":1,"name":"Home","item":"https:\/\/www.wavesofoneness.com\/"},{"@type":"ListItem","position":2,"name":"Work with Franziska","item":"https:\/\/www.wavesofoneness.com\/work-with-franziska\/"},{"@type":"ListItem","position":3,"name":"Australien Bush Flower, Spiritual Essences &amp; Flowers of Bach"}]},{"@type":"WebSite","@id":"https:\/\/www.wavesofoneness.com\/#website","url":"https:\/\/www.wavesofoneness.com\/","name":"Wellen des Einsseins | Franziska Guentensperger","description":"Bef\u00e4higen. Heilen. Vereinigen.","publisher":{"@id":"https:\/\/www.wavesofoneness.com\/#organization"},"potentialAction":[{"@type":"SearchAction","target":{"@type":"EntryPoint","urlTemplate":"https:\/\/www.wavesofoneness.com\/?s={search_term_string}"},"query-input":{"@type":"PropertyValueSpecification","valueRequired":true,"valueName":"search_term_string"}}],"inLanguage":"de"},{"@type":"Organization","@id":"https:\/\/www.wavesofoneness.com\/#organization","name":"Waves of Oneness","url":"https:\/\/www.wavesofoneness.com\/","logo":{"@type":"ImageObject","inLanguage":"de","@id":"https:\/\/www.wavesofoneness.com\/#\/schema\/logo\/image\/","url":"https:\/\/www.wavesofoneness.com\/wp-content\/uploads\/2021\/10\/wow-logo-icon-iridescent.png","contentUrl":"https:\/\/www.wavesofoneness.com\/wp-content\/uploads\/2021\/10\/wow-logo-icon-iridescent.png","width":300,"height":322,"caption":"Waves of Oneness"},"image":{"@id":"https:\/\/www.wavesofoneness.com\/#\/schema\/logo\/image\/"},"sameAs":["https:\/\/www.facebook.com\/wavesofoneness","https:\/\/www.instagram.com\/waves_of_oneness\/","https:\/\/www.youtube.com\/channel\/UC7fjPn_gM4l7V4-gZ-Y-vtw?view_as=public"]}]}},"_links":{"self":[{"href":"https:\/\/www.wavesofoneness.com\/de\/wp-json\/wp\/v2\/pages\/19071","targetHints":{"allow":["GET"]}}],"collection":[{"href":"https:\/\/www.wavesofoneness.com\/de\/wp-json\/wp\/v2\/pages"}],"about":[{"href":"https:\/\/www.wavesofoneness.com\/de\/wp-json\/wp\/v2\/types\/page"}],"author":[{"embeddable":true,"href":"https:\/\/www.wavesofoneness.com\/de\/wp-json\/wp\/v2\/users\/2"}],"replies":[{"embeddable":true,"href":"https:\/\/www.wavesofoneness.com\/de\/wp-json\/wp\/v2\/comments?post=19071"}],"version-history":[{"count":70,"href":"https:\/\/www.wavesofoneness.com\/de\/wp-json\/wp\/v2\/pages\/19071\/revisions"}],"predecessor-version":[{"id":21332,"href":"https:\/\/www.wavesofoneness.com\/de\/wp-json\/wp\/v2\/pages\/19071\/revisions\/21332"}],"up":[{"embeddable":true,"href":"https:\/\/www.wavesofoneness.com\/de\/wp-json\/wp\/v2\/pages\/19058"}],"wp:attachment":[{"href":"https:\/\/www.wavesofoneness.com\/de\/wp-json\/wp\/v2\/media?parent=19071"}],"curies":[{"name":"wp","href":"https:\/\/api.w.org\/{rel}","templated":true}]}}